{"id":222,"date":"2017-07-26T09:29:09","date_gmt":"2017-07-26T09:29:09","guid":{"rendered":"http:\/\/fit.lambda-it.me\/?page_id=222"},"modified":"2026-03-09T13:40:40","modified_gmt":"2026-03-09T12:40:40","slug":"nastavnici-i-saradnici","status":"publish","type":"page","link":"https:\/\/ftht.unimediteran.net\/?page_id=222","title":{"rendered":"Nastavnici i saradnici"},"content":{"rendered":"\n\n\t\t\t\t<img decoding=\"async\" src=\"https:\/\/ftht.unimediteran.net\/wp-content\/uploads\/bb-plugin\/cache\/silvana-150x150-circle.png\" alt=\"silvana\" itemprop=\"image\"\/>\n\t\t\t\t \n\t\t<h3>Prof. dr Silvana \u0110ura\u0161evi\u0107<\/h3>\nDekan \n<a href = \"mailto:silvana.djurasevic@unimediteran.net\" onmouseover = \"this.style.textDecoration = 'underline'\"\n   onmouseout  = \"this.style.textDecoration = 'none'\">silvana.djurasevic@unimediteran.net<\/a>\t\t\t\t\t\t\t\n\t\t\t\t<a href=\"https:\/\/ftht.unimediteran.net\/wp-content\/uploads\/2019\/03\/CV_SilvanaDjurasevic_MNE.pdf\" target=\"_blank\" rel=\"noopener\">\t\t\t\t\n\t\t<\/a><a href=\"mailto:silvana.djurasevic@unimediteran.net\" target=\"_blank\" rel=\"noopener\">\t\t\t\t\n\t\t<\/a>\t\t\t\t \n\t\t\t\t<img decoding=\"async\" src=\"https:\/\/ftht.unimediteran.net\/wp-content\/uploads\/bb-plugin\/cache\/Capture-1-150x150-circle.png\" alt=\"Capture\" itemprop=\"image\"\/>\n\t\t\t\t \n\t\t<h3>Prof. dr Darko Lacmanovi\u0107<\/h3>\nZbornica 2 \n<a href = \"mailtodarko.lacmanovic@unimediteran.net\" onmouseover = \"this.style.textDecoration = 'underline'\"\n   onmouseout  = \"this.style.textDecoration = 'none'\">darko.lacmanovic@unimediteran.net<\/a>\t\t\t\t\t\t\t\n\t\t\t\t<a href=\"https:\/\/ftht.unimediteran.net\/wp-content\/uploads\/2025\/05\/CV_DarkoLacmanovic_MNE.pdf\" target=\"_blank\" rel=\"noopener\">\t\t\t\t\n\t\t<\/a><a href=\"darko.lacmanovic@unimediteran.net\" target=\"_blank\" rel=\"noopener\">\t\t\t\t\n\t\t<\/a>\t\t\t\t \n\t\t\t\t<img decoding=\"async\" src=\"https:\/\/ftht.unimediteran.net\/wp-content\/uploads\/bb-plugin\/cache\/place-holder-men-150x150-circle.png\" alt=\"place holder men\" itemprop=\"image\"\/>\n\t\t\t\t \n\t\t<h3>Prof. dr Mirko \u0160aranovi\u0107<\/h3>\nZbornica 2 \n<a href = \"mailto:msaranovic9@gmail.com\" onmouseover = \"this.style.textDecoration = 'underline'\"\n   onmouseout  = \"this.style.textDecoration = 'none'\">msaranovic9@gmail.com<\/a>\t\t\t\t\t\t\t\n\t\t\t\t<a href=\"https:\/\/ftht.unimediteran.net\/wp-content\/uploads\/2021\/03\/CV-Europass-20200628-\u0160aranovi\u0107-SR-LAT.pdf\" target=\"_blank\" rel=\"noopener\">\t\t\t\t\n\t\t<\/a><a href=\"mailto:msaranovic9@gmail.com\" target=\"_blank\" rel=\"noopener\">\t\t\t\t\n\t\t<\/a>\t\t\t\t \n\t\t\t\t<img decoding=\"async\" src=\"https:\/\/ftht.unimediteran.net\/wp-content\/uploads\/bb-plugin\/cache\/place-holder-men-150x150-circle.png\" alt=\"place holder men\" itemprop=\"image\"\/>\n\t\t\t\t \n\t\t<h3>Prof. dr Luka Filipovi\u0107<\/h3>\nZbornica 2 \n<a href = \"mailto:lukafilipovic51@gmail.com\" onmouseover = \"this.style.textDecoration = 'underline'\"\n   onmouseout  = \"this.style.textDecoration = 'none'\">lukafilipovic51@gmail.com<\/a>\t\t\t\t\t\t\t\n\t\t\t\t<a href=\"https:\/\/ftht.unimediteran.net\/wp-content\/uploads\/2021\/03\/CV_LukaFilipovic_MNE.pdf\" target=\"_blank\" rel=\"noopener\">\t\t\t\t\n\t\t<\/a><a href=\"mailto:lukafilipovic51@gmail.com\" target=\"_blank\" rel=\"noopener\">\t\t\t\t\n\t\t<\/a>\t\t\t\t \n\t\t\t\t<img decoding=\"async\" src=\"https:\/\/ftht.unimediteran.net\/wp-content\/uploads\/bb-plugin\/cache\/place-holder-men-150x150-circle.png\" alt=\"place holder men\" itemprop=\"image\"\/>\n\t\t\t\t \n\t\t<h3>Prof. dr Brankica Bojovi\u0107<\/h3>\nZbornica 2 \n<a href = \"mailto:brankica.bojovic@unimediteran.net\" onmouseover = \"this.style.textDecoration = 'underline'\"\n   onmouseout  = \"this.style.textDecoration = 'none'\">brankica.bojovic@unimediteran.net<\/a>\t\t\t\t\t\t\t\n\t\t\t\t<a href=\"https:\/\/ftht.unimediteran.net\/wp-content\/uploads\/2025\/11\/CV_BrankicaBojovic_MNE.pdf\" target=\"_blank\" rel=\"noopener\">\t\t\t\t\n\t\t<\/a><a href=\"mailto:brankica.bojovic@unimediteran.net\" target=\"_blank\" rel=\"noopener\">\t\t\t\t\n\t\t<\/a>\t\t\t\t \n\t\t\t\t<img decoding=\"async\" src=\"https:\/\/ftht.unimediteran.net\/wp-content\/uploads\/bb-plugin\/cache\/tanja-bakic_photo-scaled-circle.jpg\" alt=\"tanja bakic_photo\" itemprop=\"image\"\/>\n\t\t\t\t \n\t\t<h3>doc. dr Tanja Baki\u0107<\/h3>\nZbornica 2 \n<a href = \"mailto:tanja.bakic@unimediteran.net\" onmouseover = \"this.style.textDecoration = 'underline'\"\n   onmouseout  = \"this.style.textDecoration = 'none'\">tanja.bakic@unimediteran.net<\/a>\t\t\t\t\t\t\t\n\t\t\t\t<a href=\"https:\/\/ftht.unimediteran.net\/wp-content\/uploads\/2025\/02\/TanjaBakic_CV_MNE.pdf\" target=\"_blank\" rel=\"noopener\">\t\t\t\t\n\t\t<\/a><a href=\"mailto:tanja.bakic@unimediteran.net\" target=\"_blank\" rel=\"noopener\">\t\t\t\t\n\t\t<\/a>\t\t\t\t \n\t\t\t\t<img decoding=\"async\" src=\"https:\/\/ftht.unimediteran.net\/wp-content\/uploads\/bb-plugin\/cache\/TNovakovic-150x150-circle.png\" alt=\"TNovakovic\" itemprop=\"image\"\/>\n\t\t\t\t \n\t\t<h3>Tina Novakovi\u0107, doktorand<\/h3>\nProdekan \n<a href = \"mailto:tina.novakovic@unimediteran.net\" onmouseover = \"this.style.textDecoration = 'underline'\"\n   onmouseout  = \"this.style.textDecoration = 'none'\">tina.novakovic@unimediteran.net<\/a>\t\t\t\t\t\t\t\n\t\t\t\t<a href=\"https:\/\/ftht.unimediteran.net\/wp-content\/uploads\/2021\/05\/Tina_Novakovic_CV_MNE.pdf\" target=\"_blank\" rel=\"noopener\">\t\t\t\t\n\t\t<\/a><a href=\"mailto::tina.novakovic@unimediteran.net\" target=\"_blank\" rel=\"noopener\">\t\t\t\t\n\t\t<\/a>\t\t\t\t \n\t\t\t\t<img decoding=\"async\" src=\"https:\/\/ftht.unimediteran.net\/wp-content\/uploads\/bb-plugin\/cache\/Luka-Cuca-150x150-circle.png\" alt=\"Luka Cuca\" itemprop=\"image\"\/>\n\t\t\t\t \n\t\t<h3>Luka Cuca, lektor<\/h3>\nZbornica 2 \n<a href = \"mailto:ispolin@t-com.me\" onmouseover = \"this.style.textDecoration = 'underline'\"\n   onmouseout  = \"this.style.textDecoration = 'none'\">ispolin@t-com.me<\/a>\t\t\t\t\t\t\t\n\t\t\t\t<a href=\"https:\/\/ftht.unimediteran.net\/wp-content\/uploads\/2019\/04\/CV_Luka_Cuca_MNE.pdf\" target=\"_blank\" rel=\"noopener\">\t\t\t\t\n\t\t<\/a><a href=\"mailto:ispolin@t-com.me\" target=\"_blank\" rel=\"noopener\">\t\t\t\t\n\t\t<\/a>\t\t\t\t \n\t\t\t\t<img decoding=\"async\" src=\"https:\/\/ftht.unimediteran.net\/wp-content\/uploads\/bb-plugin\/cache\/Luka_Mitrovic-150x150-circle.jpg\" alt=\"Luka_Mitrovic\" itemprop=\"image\"\/>\n\t\t\t\t \n\t\t<h3>Luka Mitrovi\u0107, doktorand<\/h3>\nZbornica 2 \n<a href = \"mailto:luka.mitrovic@meteo.co.me\" onmouseover = \"this.style.textDecoration = 'underline'\"\n   onmouseout  = \"this.style.textDecoration = 'none'\">luka.mitrovic@meteo.co.me<\/a>\t\t\t\t\t\t\t\n\t\t\t\t<a href=\"https:\/\/ftht.unimediteran.net\/wp-content\/uploads\/2021\/03\/CV_LMitrovic_CG.pdf\" target=\"_blank\" rel=\"noopener\">\t\t\t\t\n\t\t<\/a><a href=\"mailto:luka.mitrovic@meteo.co.me\" target=\"_blank\" rel=\"noopener\">\t\t\t\t\n\t\t<\/a>\t\t\t\t \n\t\t\t\t<img decoding=\"async\" src=\"https:\/\/ftht.unimediteran.net\/wp-content\/uploads\/bb-plugin\/cache\/nina2023-circle.jpg\" alt=\"nina2023\" itemprop=\"image\"\/>\n\t\t\t\t \n\t\t<h3>\u0110or\u0111ina Jankovi\u0107, doktorand<\/h3>\nZbornica 2 \n<a href = \"mailto:djordjina.jankovic@unimediteran.net\" onmouseover = \"this.style.textDecoration = 'underline'\"\n   onmouseout  = \"this.style.textDecoration = 'none'\">djordjina.jankovic@unimediteran.net<\/a>\t\t\t\t\t\t\t\n\t\t\t\t<a href=\"https:\/\/ftht.unimediteran.net\/wp-content\/uploads\/2026\/03\/Djordjina_Jankovic_CV_MNE_2026.pdf\" target=\"_blank\" rel=\"noopener\">\t\t\t\t\n\t\t<\/a><a href=\"mailto:djordjina.jankovic@unimediteran.net\" target=\"_blank\" rel=\"noopener\">\t\t\t\t\n\t\t<\/a>\t\t\t\t \n\t\t\t\t<img decoding=\"async\" src=\"https:\/\/ftht.unimediteran.net\/wp-content\/uploads\/bb-plugin\/cache\/marijapopovic-circle.png\" alt=\"marijapopovic\" itemprop=\"image\"\/>\n\t\t\t\t \n\t\t<h3>Marija Popovi\u0107, doktorand<\/h3>\nZbornica 2 \n<a href = \"mailto:marijapopovic88@yahoo.com\" onmouseover = \"this.style.textDecoration = 'underline'\"\n   onmouseout  = \"this.style.textDecoration = 'none'\">marijapopovic88@yahoo.com<\/a>\t\t\t\t\t\t\t\n\t\t\t\t<a href=\"http:\/\/ftht.unimediteran.net\/wp-content\/uploads\/2023\/12\/MNE_MARIJA_POPOVIC.pdf\" target=\"_blank\" rel=\"noopener\">\t\t\t\t\n\t\t<\/a><a href=\"mailto:marijapopovic88@yahoo.com\" target=\"_blank\" rel=\"noopener\">\t\t\t\t\n\t\t<\/a>\t\t\t\t \n\t\t\t\t<img decoding=\"async\" src=\"https:\/\/ftht.unimediteran.net\/wp-content\/uploads\/bb-plugin\/cache\/LejlaCatovic-680x1024-circle.jpg\" alt=\"LejlaCatovic\" itemprop=\"image\"\/>\n\t\t\t\t \n\t\t<h3>Lejla \u0106atovi\u0107, magistrand<\/h3>\nZbornica 2 \n<a href = \"mailto:lejla.catovic@unimediteran.net\" onmouseover = \"this.style.textDecoration = 'underline'\"\n   onmouseout  = \"this.style.textDecoration = 'none'\">lejla.catovic@unimediteran.net<\/a>\t\t\t\t\t\t\t\n\t\t\t\t<a href=\"https:\/\/ftht.unimediteran.net\/wp-content\/uploads\/2025\/02\/LejlaCatkovic_CV_MNE2.pdf\" target=\"_blank\" rel=\"noopener\">\t\t\t\t\n\t\t<\/a><a href=\"mailto:lejla.catovic@unimediteran.net\" target=\"_blank\" rel=\"noopener\">\t\t\t\t\n\t\t<\/a>\t\t\t\t \n\n","protected":false},"excerpt":{"rendered":"<p>Prof. dr Silvana \u0110ura\u0161evi\u0107 Dekan silvana.djurasevic@unimediteran.net Prof. dr Darko Lacmanovi\u0107 Zbornica 2 darko.lacmanovic@unimediteran.net Prof. dr Mirko \u0160aranovi\u0107 Zbornica 2 msaranovic9@gmail.com Prof. dr Luka Filipovi\u0107 Zbornica 2 lukafilipovic51@gmail.com Prof. dr Brankica Bojovi\u0107 Zbornica 2 brankica.bojovic@unimediteran.net doc. dr Tanja Baki\u0107 Zbornica 2 <a href=\"https:\/\/ftht.unimediteran.net\/?page_id=222\" class=\"read-more\">Read More &#8230;<\/a><\/p>\n","protected":false},"author":1,"featured_media":0,"parent":0,"menu_order":0,"comment_status":"closed","ping_status":"closed","template":"","meta":{"_exactmetrics_skip_tracking":false,"_exactmetrics_sitenote_active":false,"_exactmetrics_sitenote_note":"","_exactmetrics_sitenote_category":0,"footnotes":""},"class_list":["post-222","page","type-page","status-publish","hentry"],"yoast_head":"<!-- This site is optimized with the Yoast SEO plugin v24.3 - https:\/\/yoast.com\/wordpress\/plugins\/seo\/ -->\n<title>Nastavnici i Saradnici %<\/title>\n<meta name=\"description\" content=\"Fakultet za informacione tehnologoije, Univerzitet Mediteran. Podgorica. Osnovne i master (magistarske) studije iz oblastni Informacionih tehnologija (IT) sa akcentom na razvoju softvera, upravljanju informacionim sistemima i telekomunikacionim mre\u017eama.\" \/>\n<meta name=\"robots\" content=\"index, follow, max-snippet:-1, max-image-preview:large, max-video-preview:-1\" \/>\n<link rel=\"canonical\" href=\"https:\/\/ftht.unimediteran.net\/?page_id=222\" \/>\n<meta property=\"og:locale\" content=\"en_US\" \/>\n<meta property=\"og:type\" content=\"article\" \/>\n<meta property=\"og:title\" content=\"Nastavnici i Saradnici %\" \/>\n<meta property=\"og:description\" content=\"Fakultet za informacione tehnologoije, Univerzitet Mediteran. Podgorica. Osnovne i master (magistarske) studije iz oblastni Informacionih tehnologija (IT) sa akcentom na razvoju softvera, upravljanju informacionim sistemima i telekomunikacionim mre\u017eama.\" \/>\n<meta property=\"og:url\" content=\"https:\/\/ftht.unimediteran.net\/?page_id=222\" \/>\n<meta property=\"og:site_name\" content=\"Univerzitet Mediteran - Fakultet za Turizam\" \/>\n<meta property=\"article:publisher\" content=\"https:\/\/www.facebook.com\/fakultetzaturizammts\/\" \/>\n<meta property=\"article:modified_time\" content=\"2026-03-09T12:40:40+00:00\" \/>\n<meta property=\"og:image\" content=\"https:\/\/ftht.unimediteran.net\/wp-content\/uploads\/bb-plugin\/cache\/silvana-150x150-circle.png\" \/>\n<meta name=\"twitter:card\" content=\"summary_large_image\" \/>\n<meta name=\"twitter:label1\" content=\"Est. reading time\" \/>\n\t<meta name=\"twitter:data1\" content=\"3 minutes\" \/>\n<script type=\"application\/ld+json\" class=\"yoast-schema-graph\">{\"@context\":\"https:\/\/schema.org\",\"@graph\":[{\"@type\":\"WebPage\",\"@id\":\"https:\/\/ftht.unimediteran.net\/?page_id=222\",\"url\":\"https:\/\/ftht.unimediteran.net\/?page_id=222\",\"name\":\"Nastavnici i Saradnici %\",\"isPartOf\":{\"@id\":\"https:\/\/ftht.unimediteran.net\/#website\"},\"primaryImageOfPage\":{\"@id\":\"https:\/\/ftht.unimediteran.net\/?page_id=222#primaryimage\"},\"image\":{\"@id\":\"https:\/\/ftht.unimediteran.net\/?page_id=222#primaryimage\"},\"thumbnailUrl\":\"https:\/\/ftht.unimediteran.net\/wp-content\/uploads\/bb-plugin\/cache\/silvana-150x150-circle.png\",\"datePublished\":\"2017-07-26T09:29:09+00:00\",\"dateModified\":\"2026-03-09T12:40:40+00:00\",\"description\":\"Fakultet za informacione tehnologoije, Univerzitet Mediteran. Podgorica. Osnovne i master (magistarske) studije iz oblastni Informacionih tehnologija (IT) sa akcentom na razvoju softvera, upravljanju informacionim sistemima i telekomunikacionim mre\u017eama.\",\"breadcrumb\":{\"@id\":\"https:\/\/ftht.unimediteran.net\/?page_id=222#breadcrumb\"},\"inLanguage\":\"sr-ME\",\"potentialAction\":[{\"@type\":\"ReadAction\",\"target\":[\"https:\/\/ftht.unimediteran.net\/?page_id=222\"]}]},{\"@type\":\"ImageObject\",\"inLanguage\":\"sr-ME\",\"@id\":\"https:\/\/ftht.unimediteran.net\/?page_id=222#primaryimage\",\"url\":\"https:\/\/ftht.unimediteran.net\/wp-content\/uploads\/bb-plugin\/cache\/silvana-150x150-circle.png\",\"contentUrl\":\"https:\/\/ftht.unimediteran.net\/wp-content\/uploads\/bb-plugin\/cache\/silvana-150x150-circle.png\"},{\"@type\":\"BreadcrumbList\",\"@id\":\"https:\/\/ftht.unimediteran.net\/?page_id=222#breadcrumb\",\"itemListElement\":[{\"@type\":\"ListItem\",\"position\":1,\"name\":\"Home\",\"item\":\"https:\/\/ftht.unimediteran.net\/\"},{\"@type\":\"ListItem\",\"position\":2,\"name\":\"Nastavnici i saradnici\"}]},{\"@type\":\"WebSite\",\"@id\":\"https:\/\/ftht.unimediteran.net\/#website\",\"url\":\"https:\/\/ftht.unimediteran.net\/\",\"name\":\"Univerzitet Mediteran - Fakultet za Turizam\",\"description\":\"Fakultet za Informacione Tehnologije\",\"publisher\":{\"@id\":\"https:\/\/ftht.unimediteran.net\/#organization\"},\"potentialAction\":[{\"@type\":\"SearchAction\",\"target\":{\"@type\":\"EntryPoint\",\"urlTemplate\":\"https:\/\/ftht.unimediteran.net\/?s={search_term_string}\"},\"query-input\":{\"@type\":\"PropertyValueSpecification\",\"valueRequired\":true,\"valueName\":\"search_term_string\"}}],\"inLanguage\":\"sr-ME\"},{\"@type\":\"Organization\",\"@id\":\"https:\/\/ftht.unimediteran.net\/#organization\",\"name\":\"Fakultet za Turizam Univerzitet Mediteran\",\"url\":\"https:\/\/ftht.unimediteran.net\/\",\"logo\":{\"@type\":\"ImageObject\",\"inLanguage\":\"sr-ME\",\"@id\":\"https:\/\/ftht.unimediteran.net\/#\/schema\/logo\/image\/\",\"url\":\"https:\/\/ftht.unimediteran.net\/wp-content\/uploads\/2019\/03\/cropped-logo-1.png\",\"contentUrl\":\"https:\/\/ftht.unimediteran.net\/wp-content\/uploads\/2019\/03\/cropped-logo-1.png\",\"width\":145,\"height\":145,\"caption\":\"Fakultet za Turizam Univerzitet Mediteran\"},\"image\":{\"@id\":\"https:\/\/ftht.unimediteran.net\/#\/schema\/logo\/image\/\"},\"sameAs\":[\"https:\/\/www.facebook.com\/fakultetzaturizammts\/\",\"https:\/\/www.instagram.com\/fakultetzaturizammts\/\"]}]}<\/script>\n<!-- \/ Yoast SEO plugin. -->","yoast_head_json":{"title":"Nastavnici i Saradnici %","description":"Fakultet za informacione tehnologoije, Univerzitet Mediteran. Podgorica. Osnovne i master (magistarske) studije iz oblastni Informacionih tehnologija (IT) sa akcentom na razvoju softvera, upravljanju informacionim sistemima i telekomunikacionim mre\u017eama.","robots":{"index":"index","follow":"follow","max-snippet":"max-snippet:-1","max-image-preview":"max-image-preview:large","max-video-preview":"max-video-preview:-1"},"canonical":"https:\/\/ftht.unimediteran.net\/?page_id=222","og_locale":"en_US","og_type":"article","og_title":"Nastavnici i Saradnici %","og_description":"Fakultet za informacione tehnologoije, Univerzitet Mediteran. Podgorica. Osnovne i master (magistarske) studije iz oblastni Informacionih tehnologija (IT) sa akcentom na razvoju softvera, upravljanju informacionim sistemima i telekomunikacionim mre\u017eama.","og_url":"https:\/\/ftht.unimediteran.net\/?page_id=222","og_site_name":"Univerzitet Mediteran - Fakultet za Turizam","article_publisher":"https:\/\/www.facebook.com\/fakultetzaturizammts\/","article_modified_time":"2026-03-09T12:40:40+00:00","og_image":[{"url":"https:\/\/ftht.unimediteran.net\/wp-content\/uploads\/bb-plugin\/cache\/silvana-150x150-circle.png","type":"","width":"","height":""}],"twitter_card":"summary_large_image","twitter_misc":{"Est. reading time":"3 minutes"},"schema":{"@context":"https:\/\/schema.org","@graph":[{"@type":"WebPage","@id":"https:\/\/ftht.unimediteran.net\/?page_id=222","url":"https:\/\/ftht.unimediteran.net\/?page_id=222","name":"Nastavnici i Saradnici %","isPartOf":{"@id":"https:\/\/ftht.unimediteran.net\/#website"},"primaryImageOfPage":{"@id":"https:\/\/ftht.unimediteran.net\/?page_id=222#primaryimage"},"image":{"@id":"https:\/\/ftht.unimediteran.net\/?page_id=222#primaryimage"},"thumbnailUrl":"https:\/\/ftht.unimediteran.net\/wp-content\/uploads\/bb-plugin\/cache\/silvana-150x150-circle.png","datePublished":"2017-07-26T09:29:09+00:00","dateModified":"2026-03-09T12:40:40+00:00","description":"Fakultet za informacione tehnologoije, Univerzitet Mediteran. Podgorica. Osnovne i master (magistarske) studije iz oblastni Informacionih tehnologija (IT) sa akcentom na razvoju softvera, upravljanju informacionim sistemima i telekomunikacionim mre\u017eama.","breadcrumb":{"@id":"https:\/\/ftht.unimediteran.net\/?page_id=222#breadcrumb"},"inLanguage":"sr-ME","potentialAction":[{"@type":"ReadAction","target":["https:\/\/ftht.unimediteran.net\/?page_id=222"]}]},{"@type":"ImageObject","inLanguage":"sr-ME","@id":"https:\/\/ftht.unimediteran.net\/?page_id=222#primaryimage","url":"https:\/\/ftht.unimediteran.net\/wp-content\/uploads\/bb-plugin\/cache\/silvana-150x150-circle.png","contentUrl":"https:\/\/ftht.unimediteran.net\/wp-content\/uploads\/bb-plugin\/cache\/silvana-150x150-circle.png"},{"@type":"BreadcrumbList","@id":"https:\/\/ftht.unimediteran.net\/?page_id=222#breadcrumb","itemListElement":[{"@type":"ListItem","position":1,"name":"Home","item":"https:\/\/ftht.unimediteran.net\/"},{"@type":"ListItem","position":2,"name":"Nastavnici i saradnici"}]},{"@type":"WebSite","@id":"https:\/\/ftht.unimediteran.net\/#website","url":"https:\/\/ftht.unimediteran.net\/","name":"Univerzitet Mediteran - Fakultet za Turizam","description":"Fakultet za Informacione Tehnologije","publisher":{"@id":"https:\/\/ftht.unimediteran.net\/#organization"},"potentialAction":[{"@type":"SearchAction","target":{"@type":"EntryPoint","urlTemplate":"https:\/\/ftht.unimediteran.net\/?s={search_term_string}"},"query-input":{"@type":"PropertyValueSpecification","valueRequired":true,"valueName":"search_term_string"}}],"inLanguage":"sr-ME"},{"@type":"Organization","@id":"https:\/\/ftht.unimediteran.net\/#organization","name":"Fakultet za Turizam Univerzitet Mediteran","url":"https:\/\/ftht.unimediteran.net\/","logo":{"@type":"ImageObject","inLanguage":"sr-ME","@id":"https:\/\/ftht.unimediteran.net\/#\/schema\/logo\/image\/","url":"https:\/\/ftht.unimediteran.net\/wp-content\/uploads\/2019\/03\/cropped-logo-1.png","contentUrl":"https:\/\/ftht.unimediteran.net\/wp-content\/uploads\/2019\/03\/cropped-logo-1.png","width":145,"height":145,"caption":"Fakultet za Turizam Univerzitet Mediteran"},"image":{"@id":"https:\/\/ftht.unimediteran.net\/#\/schema\/logo\/image\/"},"sameAs":["https:\/\/www.facebook.com\/fakultetzaturizammts\/","https:\/\/www.instagram.com\/fakultetzaturizammts\/"]}]}},"_links":{"self":[{"href":"https:\/\/ftht.unimediteran.net\/index.php?rest_route=\/wp\/v2\/pages\/222","targetHints":{"allow":["GET"]}}],"collection":[{"href":"https:\/\/ftht.unimediteran.net\/index.php?rest_route=\/wp\/v2\/pages"}],"about":[{"href":"https:\/\/ftht.unimediteran.net\/index.php?rest_route=\/wp\/v2\/types\/page"}],"author":[{"embeddable":true,"href":"https:\/\/ftht.unimediteran.net\/index.php?rest_route=\/wp\/v2\/users\/1"}],"replies":[{"embeddable":true,"href":"https:\/\/ftht.unimediteran.net\/index.php?rest_route=%2Fwp%2Fv2%2Fcomments&post=222"}],"version-history":[{"count":105,"href":"https:\/\/ftht.unimediteran.net\/index.php?rest_route=\/wp\/v2\/pages\/222\/revisions"}],"predecessor-version":[{"id":5887,"href":"https:\/\/ftht.unimediteran.net\/index.php?rest_route=\/wp\/v2\/pages\/222\/revisions\/5887"}],"wp:attachment":[{"href":"https:\/\/ftht.unimediteran.net\/index.php?rest_route=%2Fwp%2Fv2%2Fmedia&parent=222"}],"curies":[{"name":"wp","href":"https:\/\/api.w.org\/{rel}","templated":true}]}}