{"id":227,"date":"2017-07-26T16:47:58","date_gmt":"2017-07-26T16:47:58","guid":{"rendered":"http:\/\/fit.lambda-it.me\/?page_id=227"},"modified":"2019-06-03T09:46:13","modified_gmt":"2019-06-03T09:46:13","slug":"medunarodna-saradnja","status":"publish","type":"page","link":"https:\/\/ftht.unimediteran.net\/?page_id=227","title":{"rendered":"Me\u0111unarodna saradnja"},"content":{"rendered":"\n\tFakultet za turizam ostvaruje uspje\u0161nu saradnju sa drugim univerzitetima i sa privrednim subjektima iz turizma i hotelijerstva \u0161to omogu\u0107ava na\u0161im studentima br\u017ee i bolje usvajanje gradiva i sticanje prakti\u010dnih vje\u0161tina.\n\n<p><strong>UNIVERZITET SINGIDUNUM<\/strong>, Beograd, Srbija (<a href=\"https:\/\/singidunum.ac.rs\/\">https:\/\/singidunum.ac.rs\/<\/a>)<\/p>\n<p><strong>URAL INTERNATIONAL INSTITUTE OF TOURISM<\/strong>, Yakaterinburg, Russia (<a href=\"http:\/\/www.uralinsttur.ru\/umit-eng\/\">http:\/\/www.uralinsttur.ru\/umit-eng\/<\/a>)<\/p>\n<p><strong>SVEU\u010cILI\u0160TE LIBERTAS<\/strong>, Zagreb, Hrvatska (<a href=\"https:\/\/www.libertas.hr\/\">https:\/\/www.libertas.hr\/<\/a>)<\/p>\n<p><strong>EPOKA UNIVERSITY<\/strong>, Tirana, Albania (<a href=\"http:\/\/www.epoka.edu.al\/\">http:\/\/www.epoka.edu.al\/<\/a>)<\/p>\n<p><strong>UNIVERZITET \u201cSV. KIRIL I METODIJ\u201d<\/strong>, Skoplje, Makedonija (<a href=\"http:\/\/www.ukim.edu.mk\/\">http:\/\/www.ukim.edu.mk\/<\/a>)<\/p>\n<p><strong>UNIVERZITET ZA POSLOVNE STUDIJE<\/strong>, Banja Luka, Bosna i Hercegovina (<a href=\"https:\/\/univerzitetps.com\/index.php\/sr\">https:\/\/univerzitetps.com\/index.php\/sr<\/a>)<\/p>\n<p><strong>UNIVERZITET U KRAGUJEVCU<\/strong>, Vrnja\u010dka Banja, Srbija (<a href=\"http:\/\/www.hit-vb.kg.ac.rs\/\">http:\/\/www.hit-vb.kg.ac.rs\/<\/a>)<\/p>\n<p><strong>HOTEL SPLENDID CONFERENCE AND SPA RESORT<\/strong>, Be\u010di\u0107i (<a href=\"https:\/\/montenegrostars.com\/home-splendid\">https:\/\/montenegrostars.com\/home-splendid<\/a>)<\/p>\n<p><strong>HOTEL HILTON<\/strong>, Podgorica (<a href=\"https:\/\/www3.hilton.com\/en\/hotels\/montenegro\/hilton-podgorica-crna-gora-TGDPMHI\/index.html\">https:\/\/www3.hilton.com\/en\/hotels\/montenegro\/hilton-podgorica-crna-gora-TGDPMHI\/index.html<\/a>)<\/p>\n<p><strong>SAVANA CONTINENTAL PROPERTY MANAGEMENT &amp; LODGING, RAMADA<\/strong>, Podgorica (<a href=\"http:\/\/ramadapodgorica.me\/\">http:\/\/ramadapodgorica.me\/<\/a>)<\/p>\n<p><strong>HOTEL PRINCES<\/strong>, Bar (<a href=\"https:\/\/www.hotelprincess.me\/Hotel-Princess-Montenegro\/1\/Home.shtml\">https:\/\/www.hotelprincess.me\/Hotel-Princess-Montenegro\/1\/Home.shtml<\/a>)<\/p>\n<p><strong>HOTEL SIDRO<\/strong>, Bar (<a href=\"https:\/\/www.hotelsidro.com\/\">https:\/\/www.hotelsidro.com\/<\/a>)<\/p>\n<p><strong>HOTEL AUREL<\/strong>, Podgorica (<a href=\"http:\/\/hotel-aurel.com\/\">http:\/\/hotel-aurel.com\/<\/a>)<\/p>\n<p><strong>BIZNIS START-UP CENTAR<\/strong>, Bar (<a href=\"http:\/\/www.bscbar.org\/\">http:\/\/www.bscbar.org\/<\/a>)<\/p>\n<p><strong>OKI AIR<\/strong>, Podgorica (<a href=\"http:\/\/www.oki.me\/\">http:\/\/www.oki.me\/<\/a>)<\/p>\n","protected":false},"excerpt":{"rendered":"<p>Fakultet za turizam ostvaruje uspje\u0161nu saradnju sa drugim univerzitetima i sa privrednim subjektima iz turizma i hotelijerstva \u0161to omogu\u0107ava na\u0161im studentima br\u017ee i bolje usvajanje gradiva i sticanje prakti\u010dnih vje\u0161tina. UNIVERZITET SINGIDUNUM, Beograd, Srbija (https:\/\/singidunum.ac.rs\/) URAL INTERNATIONAL INSTITUTE OF TOURISM, <a href=\"https:\/\/ftht.unimediteran.net\/?page_id=227\" class=\"read-more\">Read More &#8230;<\/a><\/p>\n","protected":false},"author":1,"featured_media":0,"parent":0,"menu_order":0,"comment_status":"closed","ping_status":"closed","template":"","meta":{"_exactmetrics_skip_tracking":false,"_exactmetrics_sitenote_active":false,"_exactmetrics_sitenote_note":"","_exactmetrics_sitenote_category":0,"footnotes":""},"class_list":["post-227","page","type-page","status-publish","hentry"],"yoast_head":"<!-- This site is optimized with the Yoast SEO plugin v24.3 - https:\/\/yoast.com\/wordpress\/plugins\/seo\/ -->\n<title>Me\u0111unarodna saradnja<\/title>\n<meta name=\"description\" content=\"Fakultet za informacione tehnologoije, Univerzitet Mediteran. Podgorica. Osnovne i master (magistarske) studije iz oblastni Informacionih tehnologija (IT) sa akcentom na razvoju softvera, upravljanju informacionim sistemima i telekomunikacionim mre\u017eama.\" \/>\n<meta name=\"robots\" content=\"index, follow, max-snippet:-1, max-image-preview:large, max-video-preview:-1\" \/>\n<link rel=\"canonical\" href=\"https:\/\/ftht.unimediteran.net\/?page_id=227\" \/>\n<meta property=\"og:locale\" content=\"en_US\" \/>\n<meta property=\"og:type\" content=\"article\" \/>\n<meta property=\"og:title\" content=\"Me\u0111unarodna saradnja\" \/>\n<meta property=\"og:description\" content=\"Fakultet za informacione tehnologoije, Univerzitet Mediteran. Podgorica. Osnovne i master (magistarske) studije iz oblastni Informacionih tehnologija (IT) sa akcentom na razvoju softvera, upravljanju informacionim sistemima i telekomunikacionim mre\u017eama.\" \/>\n<meta property=\"og:url\" content=\"https:\/\/ftht.unimediteran.net\/?page_id=227\" \/>\n<meta property=\"og:site_name\" content=\"Univerzitet Mediteran - Fakultet za Turizam\" \/>\n<meta property=\"article:publisher\" content=\"https:\/\/www.facebook.com\/fakultetzaturizammts\/\" \/>\n<meta property=\"article:modified_time\" content=\"2019-06-03T09:46:13+00:00\" \/>\n<meta name=\"twitter:card\" content=\"summary_large_image\" \/>\n<meta name=\"twitter:label1\" content=\"Est. reading time\" \/>\n\t<meta name=\"twitter:data1\" content=\"1 minute\" \/>\n<script type=\"application\/ld+json\" class=\"yoast-schema-graph\">{\"@context\":\"https:\/\/schema.org\",\"@graph\":[{\"@type\":\"WebPage\",\"@id\":\"https:\/\/ftht.unimediteran.net\/?page_id=227\",\"url\":\"https:\/\/ftht.unimediteran.net\/?page_id=227\",\"name\":\"Me\u0111unarodna saradnja\",\"isPartOf\":{\"@id\":\"https:\/\/ftht.unimediteran.net\/#website\"},\"datePublished\":\"2017-07-26T16:47:58+00:00\",\"dateModified\":\"2019-06-03T09:46:13+00:00\",\"description\":\"Fakultet za informacione tehnologoije, Univerzitet Mediteran. Podgorica. Osnovne i master (magistarske) studije iz oblastni Informacionih tehnologija (IT) sa akcentom na razvoju softvera, upravljanju informacionim sistemima i telekomunikacionim mre\u017eama.\",\"breadcrumb\":{\"@id\":\"https:\/\/ftht.unimediteran.net\/?page_id=227#breadcrumb\"},\"inLanguage\":\"sr-ME\",\"potentialAction\":[{\"@type\":\"ReadAction\",\"target\":[\"https:\/\/ftht.unimediteran.net\/?page_id=227\"]}]},{\"@type\":\"BreadcrumbList\",\"@id\":\"https:\/\/ftht.unimediteran.net\/?page_id=227#breadcrumb\",\"itemListElement\":[{\"@type\":\"ListItem\",\"position\":1,\"name\":\"Home\",\"item\":\"https:\/\/ftht.unimediteran.net\/\"},{\"@type\":\"ListItem\",\"position\":2,\"name\":\"Me\u0111unarodna saradnja\"}]},{\"@type\":\"WebSite\",\"@id\":\"https:\/\/ftht.unimediteran.net\/#website\",\"url\":\"https:\/\/ftht.unimediteran.net\/\",\"name\":\"Univerzitet Mediteran - Fakultet za Turizam\",\"description\":\"Fakultet za Informacione Tehnologije\",\"publisher\":{\"@id\":\"https:\/\/ftht.unimediteran.net\/#organization\"},\"potentialAction\":[{\"@type\":\"SearchAction\",\"target\":{\"@type\":\"EntryPoint\",\"urlTemplate\":\"https:\/\/ftht.unimediteran.net\/?s={search_term_string}\"},\"query-input\":{\"@type\":\"PropertyValueSpecification\",\"valueRequired\":true,\"valueName\":\"search_term_string\"}}],\"inLanguage\":\"sr-ME\"},{\"@type\":\"Organization\",\"@id\":\"https:\/\/ftht.unimediteran.net\/#organization\",\"name\":\"Fakultet za Turizam Univerzitet Mediteran\",\"url\":\"https:\/\/ftht.unimediteran.net\/\",\"logo\":{\"@type\":\"ImageObject\",\"inLanguage\":\"sr-ME\",\"@id\":\"https:\/\/ftht.unimediteran.net\/#\/schema\/logo\/image\/\",\"url\":\"https:\/\/ftht.unimediteran.net\/wp-content\/uploads\/2019\/03\/cropped-logo-1.png\",\"contentUrl\":\"https:\/\/ftht.unimediteran.net\/wp-content\/uploads\/2019\/03\/cropped-logo-1.png\",\"width\":145,\"height\":145,\"caption\":\"Fakultet za Turizam Univerzitet Mediteran\"},\"image\":{\"@id\":\"https:\/\/ftht.unimediteran.net\/#\/schema\/logo\/image\/\"},\"sameAs\":[\"https:\/\/www.facebook.com\/fakultetzaturizammts\/\",\"https:\/\/www.instagram.com\/fakultetzaturizammts\/\"]}]}<\/script>\n<!-- \/ Yoast SEO plugin. -->","yoast_head_json":{"title":"Me\u0111unarodna saradnja","description":"Fakultet za informacione tehnologoije, Univerzitet Mediteran. Podgorica. Osnovne i master (magistarske) studije iz oblastni Informacionih tehnologija (IT) sa akcentom na razvoju softvera, upravljanju informacionim sistemima i telekomunikacionim mre\u017eama.","robots":{"index":"index","follow":"follow","max-snippet":"max-snippet:-1","max-image-preview":"max-image-preview:large","max-video-preview":"max-video-preview:-1"},"canonical":"https:\/\/ftht.unimediteran.net\/?page_id=227","og_locale":"en_US","og_type":"article","og_title":"Me\u0111unarodna saradnja","og_description":"Fakultet za informacione tehnologoije, Univerzitet Mediteran. Podgorica. Osnovne i master (magistarske) studije iz oblastni Informacionih tehnologija (IT) sa akcentom na razvoju softvera, upravljanju informacionim sistemima i telekomunikacionim mre\u017eama.","og_url":"https:\/\/ftht.unimediteran.net\/?page_id=227","og_site_name":"Univerzitet Mediteran - Fakultet za Turizam","article_publisher":"https:\/\/www.facebook.com\/fakultetzaturizammts\/","article_modified_time":"2019-06-03T09:46:13+00:00","twitter_card":"summary_large_image","twitter_misc":{"Est. reading time":"1 minute"},"schema":{"@context":"https:\/\/schema.org","@graph":[{"@type":"WebPage","@id":"https:\/\/ftht.unimediteran.net\/?page_id=227","url":"https:\/\/ftht.unimediteran.net\/?page_id=227","name":"Me\u0111unarodna saradnja","isPartOf":{"@id":"https:\/\/ftht.unimediteran.net\/#website"},"datePublished":"2017-07-26T16:47:58+00:00","dateModified":"2019-06-03T09:46:13+00:00","description":"Fakultet za informacione tehnologoije, Univerzitet Mediteran. Podgorica. Osnovne i master (magistarske) studije iz oblastni Informacionih tehnologija (IT) sa akcentom na razvoju softvera, upravljanju informacionim sistemima i telekomunikacionim mre\u017eama.","breadcrumb":{"@id":"https:\/\/ftht.unimediteran.net\/?page_id=227#breadcrumb"},"inLanguage":"sr-ME","potentialAction":[{"@type":"ReadAction","target":["https:\/\/ftht.unimediteran.net\/?page_id=227"]}]},{"@type":"BreadcrumbList","@id":"https:\/\/ftht.unimediteran.net\/?page_id=227#breadcrumb","itemListElement":[{"@type":"ListItem","position":1,"name":"Home","item":"https:\/\/ftht.unimediteran.net\/"},{"@type":"ListItem","position":2,"name":"Me\u0111unarodna saradnja"}]},{"@type":"WebSite","@id":"https:\/\/ftht.unimediteran.net\/#website","url":"https:\/\/ftht.unimediteran.net\/","name":"Univerzitet Mediteran - Fakultet za Turizam","description":"Fakultet za Informacione Tehnologije","publisher":{"@id":"https:\/\/ftht.unimediteran.net\/#organization"},"potentialAction":[{"@type":"SearchAction","target":{"@type":"EntryPoint","urlTemplate":"https:\/\/ftht.unimediteran.net\/?s={search_term_string}"},"query-input":{"@type":"PropertyValueSpecification","valueRequired":true,"valueName":"search_term_string"}}],"inLanguage":"sr-ME"},{"@type":"Organization","@id":"https:\/\/ftht.unimediteran.net\/#organization","name":"Fakultet za Turizam Univerzitet Mediteran","url":"https:\/\/ftht.unimediteran.net\/","logo":{"@type":"ImageObject","inLanguage":"sr-ME","@id":"https:\/\/ftht.unimediteran.net\/#\/schema\/logo\/image\/","url":"https:\/\/ftht.unimediteran.net\/wp-content\/uploads\/2019\/03\/cropped-logo-1.png","contentUrl":"https:\/\/ftht.unimediteran.net\/wp-content\/uploads\/2019\/03\/cropped-logo-1.png","width":145,"height":145,"caption":"Fakultet za Turizam Univerzitet Mediteran"},"image":{"@id":"https:\/\/ftht.unimediteran.net\/#\/schema\/logo\/image\/"},"sameAs":["https:\/\/www.facebook.com\/fakultetzaturizammts\/","https:\/\/www.instagram.com\/fakultetzaturizammts\/"]}]}},"_links":{"self":[{"href":"https:\/\/ftht.unimediteran.net\/index.php?rest_route=\/wp\/v2\/pages\/227","targetHints":{"allow":["GET"]}}],"collection":[{"href":"https:\/\/ftht.unimediteran.net\/index.php?rest_route=\/wp\/v2\/pages"}],"about":[{"href":"https:\/\/ftht.unimediteran.net\/index.php?rest_route=\/wp\/v2\/types\/page"}],"author":[{"embeddable":true,"href":"https:\/\/ftht.unimediteran.net\/index.php?rest_route=\/wp\/v2\/users\/1"}],"replies":[{"embeddable":true,"href":"https:\/\/ftht.unimediteran.net\/index.php?rest_route=%2Fwp%2Fv2%2Fcomments&post=227"}],"version-history":[{"count":8,"href":"https:\/\/ftht.unimediteran.net\/index.php?rest_route=\/wp\/v2\/pages\/227\/revisions"}],"predecessor-version":[{"id":2852,"href":"https:\/\/ftht.unimediteran.net\/index.php?rest_route=\/wp\/v2\/pages\/227\/revisions\/2852"}],"wp:attachment":[{"href":"https:\/\/ftht.unimediteran.net\/index.php?rest_route=%2Fwp%2Fv2%2Fmedia&parent=227"}],"curies":[{"name":"wp","href":"https:\/\/api.w.org\/{rel}","templated":true}]}}