{"id":2439,"date":"2019-04-18T10:42:41","date_gmt":"2019-04-18T10:42:41","guid":{"rendered":"http:\/\/10.10.20.57\/turizam\/?page_id=2439"},"modified":"2019-06-18T11:57:00","modified_gmt":"2019-06-18T11:57:00","slug":"ii-godina-4","status":"publish","type":"page","link":"https:\/\/ftht.unimediteran.net\/?page_id=2439","title":{"rendered":"II GODINA"},"content":{"rendered":"\n\t<p>&nbsp;<\/p>\n<p>Nau\u010dnoistra\u017eiva\u010dki projekat za doktorsku disertaciju<\/p>\n<p>Izrada doktorske teze<\/p>\n\t\t\t<a href=\"http:\/\/10.10.20.57\/turizam\/wp-content\/uploads\/2019\/04\/ETCS-katalog-doktorske-II.pdf\" target=\"_blank\" role=\"button\" rel=\"noopener noreferrer\" >\n\t\t\t\t\t\tETCS Katalog\n\t\t\t\t\t<\/a>\n","protected":false},"excerpt":{"rendered":"<p>&nbsp; Nau\u010dnoistra\u017eiva\u010dki projekat za doktorsku disertaciju Izrada doktorske teze ETCS Katalog<\/p>\n","protected":false},"author":14,"featured_media":0,"parent":0,"menu_order":0,"comment_status":"closed","ping_status":"closed","template":"","meta":{"_exactmetrics_skip_tracking":false,"_exactmetrics_sitenote_active":false,"_exactmetrics_sitenote_note":"","_exactmetrics_sitenote_category":0,"footnotes":""},"class_list":["post-2439","page","type-page","status-publish","hentry"],"yoast_head":"<!-- This site is optimized with the Yoast SEO plugin v24.3 - https:\/\/yoast.com\/wordpress\/plugins\/seo\/ -->\n<title>II GODINA - Univerzitet Mediteran - Fakultet za Turizam<\/title>\n<meta name=\"description\" content=\"Fakultet za informacione tehnologoije, Univerzitet Mediteran. Podgorica. Osnovne i master (magistarske) studije iz oblastni Informacionih tehnologija (IT) sa akcentom na razvoju softvera, upravljanju informacionim sistemima i telekomunikacionim mre\u017eama.\" \/>\n<meta name=\"robots\" content=\"index, follow, max-snippet:-1, max-image-preview:large, max-video-preview:-1\" \/>\n<link rel=\"canonical\" href=\"https:\/\/ftht.unimediteran.net\/?page_id=2439\" \/>\n<meta property=\"og:locale\" content=\"en_US\" \/>\n<meta property=\"og:type\" content=\"article\" \/>\n<meta property=\"og:title\" content=\"II GODINA - Univerzitet Mediteran - Fakultet za Turizam\" \/>\n<meta property=\"og:description\" content=\"Fakultet za informacione tehnologoije, Univerzitet Mediteran. Podgorica. Osnovne i master (magistarske) studije iz oblastni Informacionih tehnologija (IT) sa akcentom na razvoju softvera, upravljanju informacionim sistemima i telekomunikacionim mre\u017eama.\" \/>\n<meta property=\"og:url\" content=\"https:\/\/ftht.unimediteran.net\/?page_id=2439\" \/>\n<meta property=\"og:site_name\" content=\"Univerzitet Mediteran - Fakultet za Turizam\" \/>\n<meta property=\"article:publisher\" content=\"https:\/\/www.facebook.com\/fakultetzaturizammts\/\" \/>\n<meta property=\"article:modified_time\" content=\"2019-06-18T11:57:00+00:00\" \/>\n<meta name=\"twitter:card\" content=\"summary_large_image\" \/>\n<script type=\"application\/ld+json\" class=\"yoast-schema-graph\">{\"@context\":\"https:\/\/schema.org\",\"@graph\":[{\"@type\":\"WebPage\",\"@id\":\"https:\/\/ftht.unimediteran.net\/?page_id=2439\",\"url\":\"https:\/\/ftht.unimediteran.net\/?page_id=2439\",\"name\":\"II GODINA - Univerzitet Mediteran - Fakultet za Turizam\",\"isPartOf\":{\"@id\":\"https:\/\/ftht.unimediteran.net\/#website\"},\"datePublished\":\"2019-04-18T10:42:41+00:00\",\"dateModified\":\"2019-06-18T11:57:00+00:00\",\"description\":\"Fakultet za informacione tehnologoije, Univerzitet Mediteran. Podgorica. Osnovne i master (magistarske) studije iz oblastni Informacionih tehnologija (IT) sa akcentom na razvoju softvera, upravljanju informacionim sistemima i telekomunikacionim mre\u017eama.\",\"breadcrumb\":{\"@id\":\"https:\/\/ftht.unimediteran.net\/?page_id=2439#breadcrumb\"},\"inLanguage\":\"sr-ME\",\"potentialAction\":[{\"@type\":\"ReadAction\",\"target\":[\"https:\/\/ftht.unimediteran.net\/?page_id=2439\"]}]},{\"@type\":\"BreadcrumbList\",\"@id\":\"https:\/\/ftht.unimediteran.net\/?page_id=2439#breadcrumb\",\"itemListElement\":[{\"@type\":\"ListItem\",\"position\":1,\"name\":\"Home\",\"item\":\"https:\/\/ftht.unimediteran.net\/\"},{\"@type\":\"ListItem\",\"position\":2,\"name\":\"II GODINA\"}]},{\"@type\":\"WebSite\",\"@id\":\"https:\/\/ftht.unimediteran.net\/#website\",\"url\":\"https:\/\/ftht.unimediteran.net\/\",\"name\":\"Univerzitet Mediteran - Fakultet za Turizam\",\"description\":\"Fakultet za Informacione Tehnologije\",\"publisher\":{\"@id\":\"https:\/\/ftht.unimediteran.net\/#organization\"},\"potentialAction\":[{\"@type\":\"SearchAction\",\"target\":{\"@type\":\"EntryPoint\",\"urlTemplate\":\"https:\/\/ftht.unimediteran.net\/?s={search_term_string}\"},\"query-input\":{\"@type\":\"PropertyValueSpecification\",\"valueRequired\":true,\"valueName\":\"search_term_string\"}}],\"inLanguage\":\"sr-ME\"},{\"@type\":\"Organization\",\"@id\":\"https:\/\/ftht.unimediteran.net\/#organization\",\"name\":\"Fakultet za Turizam Univerzitet Mediteran\",\"url\":\"https:\/\/ftht.unimediteran.net\/\",\"logo\":{\"@type\":\"ImageObject\",\"inLanguage\":\"sr-ME\",\"@id\":\"https:\/\/ftht.unimediteran.net\/#\/schema\/logo\/image\/\",\"url\":\"https:\/\/ftht.unimediteran.net\/wp-content\/uploads\/2019\/03\/cropped-logo-1.png\",\"contentUrl\":\"https:\/\/ftht.unimediteran.net\/wp-content\/uploads\/2019\/03\/cropped-logo-1.png\",\"width\":145,\"height\":145,\"caption\":\"Fakultet za Turizam Univerzitet Mediteran\"},\"image\":{\"@id\":\"https:\/\/ftht.unimediteran.net\/#\/schema\/logo\/image\/\"},\"sameAs\":[\"https:\/\/www.facebook.com\/fakultetzaturizammts\/\",\"https:\/\/www.instagram.com\/fakultetzaturizammts\/\"]}]}<\/script>\n<!-- \/ Yoast SEO plugin. -->","yoast_head_json":{"title":"II GODINA - Univerzitet Mediteran - Fakultet za Turizam","description":"Fakultet za informacione tehnologoije, Univerzitet Mediteran. Podgorica. Osnovne i master (magistarske) studije iz oblastni Informacionih tehnologija (IT) sa akcentom na razvoju softvera, upravljanju informacionim sistemima i telekomunikacionim mre\u017eama.","robots":{"index":"index","follow":"follow","max-snippet":"max-snippet:-1","max-image-preview":"max-image-preview:large","max-video-preview":"max-video-preview:-1"},"canonical":"https:\/\/ftht.unimediteran.net\/?page_id=2439","og_locale":"en_US","og_type":"article","og_title":"II GODINA - Univerzitet Mediteran - Fakultet za Turizam","og_description":"Fakultet za informacione tehnologoije, Univerzitet Mediteran. Podgorica. Osnovne i master (magistarske) studije iz oblastni Informacionih tehnologija (IT) sa akcentom na razvoju softvera, upravljanju informacionim sistemima i telekomunikacionim mre\u017eama.","og_url":"https:\/\/ftht.unimediteran.net\/?page_id=2439","og_site_name":"Univerzitet Mediteran - Fakultet za Turizam","article_publisher":"https:\/\/www.facebook.com\/fakultetzaturizammts\/","article_modified_time":"2019-06-18T11:57:00+00:00","twitter_card":"summary_large_image","schema":{"@context":"https:\/\/schema.org","@graph":[{"@type":"WebPage","@id":"https:\/\/ftht.unimediteran.net\/?page_id=2439","url":"https:\/\/ftht.unimediteran.net\/?page_id=2439","name":"II GODINA - Univerzitet Mediteran - Fakultet za Turizam","isPartOf":{"@id":"https:\/\/ftht.unimediteran.net\/#website"},"datePublished":"2019-04-18T10:42:41+00:00","dateModified":"2019-06-18T11:57:00+00:00","description":"Fakultet za informacione tehnologoije, Univerzitet Mediteran. Podgorica. Osnovne i master (magistarske) studije iz oblastni Informacionih tehnologija (IT) sa akcentom na razvoju softvera, upravljanju informacionim sistemima i telekomunikacionim mre\u017eama.","breadcrumb":{"@id":"https:\/\/ftht.unimediteran.net\/?page_id=2439#breadcrumb"},"inLanguage":"sr-ME","potentialAction":[{"@type":"ReadAction","target":["https:\/\/ftht.unimediteran.net\/?page_id=2439"]}]},{"@type":"BreadcrumbList","@id":"https:\/\/ftht.unimediteran.net\/?page_id=2439#breadcrumb","itemListElement":[{"@type":"ListItem","position":1,"name":"Home","item":"https:\/\/ftht.unimediteran.net\/"},{"@type":"ListItem","position":2,"name":"II GODINA"}]},{"@type":"WebSite","@id":"https:\/\/ftht.unimediteran.net\/#website","url":"https:\/\/ftht.unimediteran.net\/","name":"Univerzitet Mediteran - Fakultet za Turizam","description":"Fakultet za Informacione Tehnologije","publisher":{"@id":"https:\/\/ftht.unimediteran.net\/#organization"},"potentialAction":[{"@type":"SearchAction","target":{"@type":"EntryPoint","urlTemplate":"https:\/\/ftht.unimediteran.net\/?s={search_term_string}"},"query-input":{"@type":"PropertyValueSpecification","valueRequired":true,"valueName":"search_term_string"}}],"inLanguage":"sr-ME"},{"@type":"Organization","@id":"https:\/\/ftht.unimediteran.net\/#organization","name":"Fakultet za Turizam Univerzitet Mediteran","url":"https:\/\/ftht.unimediteran.net\/","logo":{"@type":"ImageObject","inLanguage":"sr-ME","@id":"https:\/\/ftht.unimediteran.net\/#\/schema\/logo\/image\/","url":"https:\/\/ftht.unimediteran.net\/wp-content\/uploads\/2019\/03\/cropped-logo-1.png","contentUrl":"https:\/\/ftht.unimediteran.net\/wp-content\/uploads\/2019\/03\/cropped-logo-1.png","width":145,"height":145,"caption":"Fakultet za Turizam Univerzitet Mediteran"},"image":{"@id":"https:\/\/ftht.unimediteran.net\/#\/schema\/logo\/image\/"},"sameAs":["https:\/\/www.facebook.com\/fakultetzaturizammts\/","https:\/\/www.instagram.com\/fakultetzaturizammts\/"]}]}},"_links":{"self":[{"href":"https:\/\/ftht.unimediteran.net\/index.php?rest_route=\/wp\/v2\/pages\/2439","targetHints":{"allow":["GET"]}}],"collection":[{"href":"https:\/\/ftht.unimediteran.net\/index.php?rest_route=\/wp\/v2\/pages"}],"about":[{"href":"https:\/\/ftht.unimediteran.net\/index.php?rest_route=\/wp\/v2\/types\/page"}],"author":[{"embeddable":true,"href":"https:\/\/ftht.unimediteran.net\/index.php?rest_route=\/wp\/v2\/users\/14"}],"replies":[{"embeddable":true,"href":"https:\/\/ftht.unimediteran.net\/index.php?rest_route=%2Fwp%2Fv2%2Fcomments&post=2439"}],"version-history":[{"count":3,"href":"https:\/\/ftht.unimediteran.net\/index.php?rest_route=\/wp\/v2\/pages\/2439\/revisions"}],"predecessor-version":[{"id":2967,"href":"https:\/\/ftht.unimediteran.net\/index.php?rest_route=\/wp\/v2\/pages\/2439\/revisions\/2967"}],"wp:attachment":[{"href":"https:\/\/ftht.unimediteran.net\/index.php?rest_route=%2Fwp%2Fv2%2Fmedia&parent=2439"}],"curies":[{"name":"wp","href":"https:\/\/api.w.org\/{rel}","templated":true}]}}