{"id":2676,"date":"2019-04-22T09:39:20","date_gmt":"2019-04-22T09:39:20","guid":{"rendered":"http:\/\/10.10.20.57\/turizam\/?page_id=2676"},"modified":"2019-06-03T09:55:17","modified_gmt":"2019-06-03T09:55:17","slug":"prednosti-e-ucenja","status":"publish","type":"page","link":"https:\/\/ftht.unimediteran.net\/?page_id=2676","title":{"rendered":"Prednosti e-u\u010denja"},"content":{"rendered":"\n\t<h2><strong>Osnovne prednosti distance learning-a za studente<\/strong><\/h2>\n<p>Student svoje prednosti vidi u:<\/p>\n<ul>\n<li>smanjenju tro\u0161kova stanarine i ostalih tro\u0161kova vezanih za boravak u mjestu odr\u017eavanja studija<\/li>\n<li>mogu\u0107nosti da bira studijski program i studira van mjesta svog prebivali\u0161ta bez potrebe za njegovom promjenom<\/li>\n<li>izboru \u0161kole van fizi\u010dkih granica mati\u010dne zemlje<\/li>\n<li>mogu\u0107nosti da radi za vrijeme studiranja nezavisno od mjesta odr\u017eavanja studija<\/li>\n<li>prevazila\u017eenju nemogu\u0107nosti da posje\u0107uje tradicionalnu nastavu usled nekog od svojih trajnih ili privremenih fizi\u010dkih problema, o\u0161te\u0107enja ili bolesti &#8211; samoorganizovanju vremena za u\u010denje (visoka motivacija, planiranje vremena i sposobnost za analizu i sintezu sadr\u017eaja koji se u\u010di) i dr.<\/li>\n<\/ul>\n<h2><strong>DL vs. tradicionalno u\u010denje<\/strong><\/h2>\n<p>Brojne su prednosti online edukacije. Da biste jasnije uo\u010dili razlike izme\u0111u E-Learning i tradicionalnog na\u010dina u\u010denja, lak\u0161e odabrali onaj koji Vam pru\u017ea vi\u0161e i kojim posti\u017eete bolje rezultate, uradili smo za Vas uporedni prikaz.<\/p>\n<table border=\"1\" cellpadding=\"4\" align=\"center\">\n<tbody>\n<tr>\n<td><strong>Karakteristike kursa<\/strong><\/td>\n<td><strong>E-Learning<\/strong><\/td>\n<td><strong>Tradicionalno u\u010denje<\/strong><\/td>\n<\/tr>\n<tr>\n<td>Nezavisnost od mjesta odr\u017eavanja nastave<\/td>\n<td>\n<strong>x<\/strong>\n<\/td>\n<td>\n\n<\/td>\n<\/tr>\n<tr>\n<td>Nezavisnost od vremena odr\u017eavanja nastave<\/td>\n<td><strong>x<\/strong><\/td>\n<td>\n\n<\/td>\n<\/tr>\n<tr>\n<td>Niski tro\u0161kovi za korisnika<\/td>\n<td>\n<strong>x<\/strong>\n<\/td>\n<td>\n\n<\/td>\n<\/tr>\n<tr>\n<td>Mogu\u0107nost samoogranizovanja vremena za u\u010denje<\/td>\n<td>\n<strong>x<\/strong>\n<\/td>\n<td>\n\n<\/td>\n<\/tr>\n<tr>\n<td>Diskusije sa drugim polaznicima kursa<\/td>\n<td>\n<strong>x<\/strong>\n<\/td>\n<td>\n<strong>x<\/strong>\n<\/td>\n<\/tr>\n<tr>\n<td>&#8220;1 na 1&#8221; konsultacije sa nastavnikom<\/td>\n<td>\n<strong>x<\/strong>\n<\/td>\n<td>\n<strong>x<\/strong>\n<\/td>\n<\/tr>\n<tr>\n<td>Tehni\u010dka podr\u0161ka<\/td>\n<td>\n<strong>x<\/strong>\n<\/td>\n<td>\n<strong>x<\/strong>\n<\/td>\n<\/tr>\n<tr>\n<td>Tekstovi za \u010ditanje<\/td>\n<td>\n<strong>x<\/strong>\n<\/td>\n<td>\n<strong>x<\/strong>\n<\/td>\n<\/tr>\n<tr>\n<td>Tutorijali<\/td>\n<td>\n<strong>x<\/strong>\n<\/td>\n<td>\n\n<\/td>\n<\/tr>\n<tr>\n<td>Multimedijalni materijali<\/td>\n<td>\n<strong>x<\/strong>\n<\/td>\n<td>\n\n<\/td>\n<\/tr>\n<tr>\n<td>Lista dodatnih resursa za u\u010denje<\/td>\n<td>\n<strong>x<\/strong>\n<\/td>\n<td>\n<strong>x<\/strong>\n<\/td>\n<\/tr>\n<tr>\n<td>Neograni\u010deno ponavljanje gradiva<\/td>\n<td>\n<strong>x<\/strong>\n<\/td>\n<td>\n\n<\/td>\n<\/tr>\n<tr>\n<td>Projekti i seminarski radovi<\/td>\n<td>\n<strong>x<\/strong>\n<\/td>\n<td>\n<strong>x<\/strong>\n<\/td>\n<\/tr>\n<tr>\n<td>Lokacije za u\u010denje na Internetu<\/td>\n<td>\n<strong>x<\/strong>\n<\/td>\n<td>\n\n<\/td>\n<\/tr>\n<tr>\n<td>Vje\u017ebanja<\/td>\n<td>\n<strong>x<\/strong>\n<\/td>\n<td>\n<strong>x<\/strong>\n<\/td>\n<\/tr>\n<tr>\n<td>Testovi<\/td>\n<td>\n<strong>x<\/strong>\n<\/td>\n<td>\n<strong>x<\/strong>\n<\/td>\n<\/tr>\n<tr>\n<td>Zavr\u0161ni testovi<\/td>\n<td>\n<strong>x<\/strong>\n<\/td>\n<td>\n<strong>x<\/strong>\n<\/td>\n<\/tr>\n<tr>\n<td>Trenutna dostupnost rezultata<\/td>\n<td>\n<strong>x<\/strong>\n<\/td>\n<td>\n\n<\/td>\n<\/tr>\n<tr>\n<td>Rije\u010dnik pojmova i FAQ baza<\/td>\n<td>\n<strong>x<\/strong>\n<\/td>\n<td>\n\n<\/td>\n<\/tr>\n<tr>\n<td>Sertifikat o zavr\u0161enom kursu<\/td>\n<td>\n<strong>x<\/strong>\n<\/td>\n<td>\n<strong>x<\/strong>\n<\/td>\n<\/tr>\n<\/tbody>\n<\/table>\n","protected":false},"excerpt":{"rendered":"<p>Osnovne prednosti distance learning-a za studente Student svoje prednosti vidi u: smanjenju tro\u0161kova stanarine i ostalih tro\u0161kova vezanih za boravak u mjestu odr\u017eavanja studija mogu\u0107nosti da bira studijski program i studira van mjesta svog prebivali\u0161ta bez potrebe za njegovom promjenom <a href=\"https:\/\/ftht.unimediteran.net\/?page_id=2676\" class=\"read-more\">Read More &#8230;<\/a><\/p>\n","protected":false},"author":14,"featured_media":0,"parent":0,"menu_order":0,"comment_status":"closed","ping_status":"closed","template":"","meta":{"_exactmetrics_skip_tracking":false,"_exactmetrics_sitenote_active":false,"_exactmetrics_sitenote_note":"","_exactmetrics_sitenote_category":0,"footnotes":""},"class_list":["post-2676","page","type-page","status-publish","hentry"],"yoast_head":"<!-- This site is optimized with the Yoast SEO plugin v24.3 - https:\/\/yoast.com\/wordpress\/plugins\/seo\/ -->\n<title>Prednosti e-u\u010denja - Univerzitet Mediteran - Fakultet za Turizam<\/title>\n<meta name=\"description\" content=\"Fakultet za informacione tehnologoije, Univerzitet Mediteran. Podgorica. Osnovne i master (magistarske) studije iz oblastni Informacionih tehnologija (IT) sa akcentom na razvoju softvera, upravljanju informacionim sistemima i telekomunikacionim mre\u017eama.\" \/>\n<meta name=\"robots\" content=\"index, follow, max-snippet:-1, max-image-preview:large, max-video-preview:-1\" \/>\n<link rel=\"canonical\" href=\"https:\/\/ftht.unimediteran.net\/?page_id=2676\" \/>\n<meta property=\"og:locale\" content=\"en_US\" \/>\n<meta property=\"og:type\" content=\"article\" \/>\n<meta property=\"og:title\" content=\"Prednosti e-u\u010denja - Univerzitet Mediteran - Fakultet za Turizam\" \/>\n<meta property=\"og:description\" content=\"Fakultet za informacione tehnologoije, Univerzitet Mediteran. Podgorica. Osnovne i master (magistarske) studije iz oblastni Informacionih tehnologija (IT) sa akcentom na razvoju softvera, upravljanju informacionim sistemima i telekomunikacionim mre\u017eama.\" \/>\n<meta property=\"og:url\" content=\"https:\/\/ftht.unimediteran.net\/?page_id=2676\" \/>\n<meta property=\"og:site_name\" content=\"Univerzitet Mediteran - Fakultet za Turizam\" \/>\n<meta property=\"article:publisher\" content=\"https:\/\/www.facebook.com\/fakultetzaturizammts\/\" \/>\n<meta property=\"article:modified_time\" content=\"2019-06-03T09:55:17+00:00\" \/>\n<meta name=\"twitter:card\" content=\"summary_large_image\" \/>\n<meta name=\"twitter:label1\" content=\"Est. reading time\" \/>\n\t<meta name=\"twitter:data1\" content=\"1 minute\" \/>\n<script type=\"application\/ld+json\" class=\"yoast-schema-graph\">{\"@context\":\"https:\/\/schema.org\",\"@graph\":[{\"@type\":\"WebPage\",\"@id\":\"https:\/\/ftht.unimediteran.net\/?page_id=2676\",\"url\":\"https:\/\/ftht.unimediteran.net\/?page_id=2676\",\"name\":\"Prednosti e-u\u010denja - Univerzitet Mediteran - Fakultet za Turizam\",\"isPartOf\":{\"@id\":\"https:\/\/ftht.unimediteran.net\/#website\"},\"datePublished\":\"2019-04-22T09:39:20+00:00\",\"dateModified\":\"2019-06-03T09:55:17+00:00\",\"description\":\"Fakultet za informacione tehnologoije, Univerzitet Mediteran. Podgorica. Osnovne i master (magistarske) studije iz oblastni Informacionih tehnologija (IT) sa akcentom na razvoju softvera, upravljanju informacionim sistemima i telekomunikacionim mre\u017eama.\",\"breadcrumb\":{\"@id\":\"https:\/\/ftht.unimediteran.net\/?page_id=2676#breadcrumb\"},\"inLanguage\":\"sr-ME\",\"potentialAction\":[{\"@type\":\"ReadAction\",\"target\":[\"https:\/\/ftht.unimediteran.net\/?page_id=2676\"]}]},{\"@type\":\"BreadcrumbList\",\"@id\":\"https:\/\/ftht.unimediteran.net\/?page_id=2676#breadcrumb\",\"itemListElement\":[{\"@type\":\"ListItem\",\"position\":1,\"name\":\"Home\",\"item\":\"https:\/\/ftht.unimediteran.net\/\"},{\"@type\":\"ListItem\",\"position\":2,\"name\":\"Prednosti e-u\u010denja\"}]},{\"@type\":\"WebSite\",\"@id\":\"https:\/\/ftht.unimediteran.net\/#website\",\"url\":\"https:\/\/ftht.unimediteran.net\/\",\"name\":\"Univerzitet Mediteran - Fakultet za Turizam\",\"description\":\"Fakultet za Informacione Tehnologije\",\"publisher\":{\"@id\":\"https:\/\/ftht.unimediteran.net\/#organization\"},\"potentialAction\":[{\"@type\":\"SearchAction\",\"target\":{\"@type\":\"EntryPoint\",\"urlTemplate\":\"https:\/\/ftht.unimediteran.net\/?s={search_term_string}\"},\"query-input\":{\"@type\":\"PropertyValueSpecification\",\"valueRequired\":true,\"valueName\":\"search_term_string\"}}],\"inLanguage\":\"sr-ME\"},{\"@type\":\"Organization\",\"@id\":\"https:\/\/ftht.unimediteran.net\/#organization\",\"name\":\"Fakultet za Turizam Univerzitet Mediteran\",\"url\":\"https:\/\/ftht.unimediteran.net\/\",\"logo\":{\"@type\":\"ImageObject\",\"inLanguage\":\"sr-ME\",\"@id\":\"https:\/\/ftht.unimediteran.net\/#\/schema\/logo\/image\/\",\"url\":\"https:\/\/ftht.unimediteran.net\/wp-content\/uploads\/2019\/03\/cropped-logo-1.png\",\"contentUrl\":\"https:\/\/ftht.unimediteran.net\/wp-content\/uploads\/2019\/03\/cropped-logo-1.png\",\"width\":145,\"height\":145,\"caption\":\"Fakultet za Turizam Univerzitet Mediteran\"},\"image\":{\"@id\":\"https:\/\/ftht.unimediteran.net\/#\/schema\/logo\/image\/\"},\"sameAs\":[\"https:\/\/www.facebook.com\/fakultetzaturizammts\/\",\"https:\/\/www.instagram.com\/fakultetzaturizammts\/\"]}]}<\/script>\n<!-- \/ Yoast SEO plugin. -->","yoast_head_json":{"title":"Prednosti e-u\u010denja - Univerzitet Mediteran - Fakultet za Turizam","description":"Fakultet za informacione tehnologoije, Univerzitet Mediteran. Podgorica. Osnovne i master (magistarske) studije iz oblastni Informacionih tehnologija (IT) sa akcentom na razvoju softvera, upravljanju informacionim sistemima i telekomunikacionim mre\u017eama.","robots":{"index":"index","follow":"follow","max-snippet":"max-snippet:-1","max-image-preview":"max-image-preview:large","max-video-preview":"max-video-preview:-1"},"canonical":"https:\/\/ftht.unimediteran.net\/?page_id=2676","og_locale":"en_US","og_type":"article","og_title":"Prednosti e-u\u010denja - Univerzitet Mediteran - Fakultet za Turizam","og_description":"Fakultet za informacione tehnologoije, Univerzitet Mediteran. Podgorica. Osnovne i master (magistarske) studije iz oblastni Informacionih tehnologija (IT) sa akcentom na razvoju softvera, upravljanju informacionim sistemima i telekomunikacionim mre\u017eama.","og_url":"https:\/\/ftht.unimediteran.net\/?page_id=2676","og_site_name":"Univerzitet Mediteran - Fakultet za Turizam","article_publisher":"https:\/\/www.facebook.com\/fakultetzaturizammts\/","article_modified_time":"2019-06-03T09:55:17+00:00","twitter_card":"summary_large_image","twitter_misc":{"Est. reading time":"1 minute"},"schema":{"@context":"https:\/\/schema.org","@graph":[{"@type":"WebPage","@id":"https:\/\/ftht.unimediteran.net\/?page_id=2676","url":"https:\/\/ftht.unimediteran.net\/?page_id=2676","name":"Prednosti e-u\u010denja - Univerzitet Mediteran - Fakultet za Turizam","isPartOf":{"@id":"https:\/\/ftht.unimediteran.net\/#website"},"datePublished":"2019-04-22T09:39:20+00:00","dateModified":"2019-06-03T09:55:17+00:00","description":"Fakultet za informacione tehnologoije, Univerzitet Mediteran. Podgorica. Osnovne i master (magistarske) studije iz oblastni Informacionih tehnologija (IT) sa akcentom na razvoju softvera, upravljanju informacionim sistemima i telekomunikacionim mre\u017eama.","breadcrumb":{"@id":"https:\/\/ftht.unimediteran.net\/?page_id=2676#breadcrumb"},"inLanguage":"sr-ME","potentialAction":[{"@type":"ReadAction","target":["https:\/\/ftht.unimediteran.net\/?page_id=2676"]}]},{"@type":"BreadcrumbList","@id":"https:\/\/ftht.unimediteran.net\/?page_id=2676#breadcrumb","itemListElement":[{"@type":"ListItem","position":1,"name":"Home","item":"https:\/\/ftht.unimediteran.net\/"},{"@type":"ListItem","position":2,"name":"Prednosti e-u\u010denja"}]},{"@type":"WebSite","@id":"https:\/\/ftht.unimediteran.net\/#website","url":"https:\/\/ftht.unimediteran.net\/","name":"Univerzitet Mediteran - Fakultet za Turizam","description":"Fakultet za Informacione Tehnologije","publisher":{"@id":"https:\/\/ftht.unimediteran.net\/#organization"},"potentialAction":[{"@type":"SearchAction","target":{"@type":"EntryPoint","urlTemplate":"https:\/\/ftht.unimediteran.net\/?s={search_term_string}"},"query-input":{"@type":"PropertyValueSpecification","valueRequired":true,"valueName":"search_term_string"}}],"inLanguage":"sr-ME"},{"@type":"Organization","@id":"https:\/\/ftht.unimediteran.net\/#organization","name":"Fakultet za Turizam Univerzitet Mediteran","url":"https:\/\/ftht.unimediteran.net\/","logo":{"@type":"ImageObject","inLanguage":"sr-ME","@id":"https:\/\/ftht.unimediteran.net\/#\/schema\/logo\/image\/","url":"https:\/\/ftht.unimediteran.net\/wp-content\/uploads\/2019\/03\/cropped-logo-1.png","contentUrl":"https:\/\/ftht.unimediteran.net\/wp-content\/uploads\/2019\/03\/cropped-logo-1.png","width":145,"height":145,"caption":"Fakultet za Turizam Univerzitet Mediteran"},"image":{"@id":"https:\/\/ftht.unimediteran.net\/#\/schema\/logo\/image\/"},"sameAs":["https:\/\/www.facebook.com\/fakultetzaturizammts\/","https:\/\/www.instagram.com\/fakultetzaturizammts\/"]}]}},"_links":{"self":[{"href":"https:\/\/ftht.unimediteran.net\/index.php?rest_route=\/wp\/v2\/pages\/2676","targetHints":{"allow":["GET"]}}],"collection":[{"href":"https:\/\/ftht.unimediteran.net\/index.php?rest_route=\/wp\/v2\/pages"}],"about":[{"href":"https:\/\/ftht.unimediteran.net\/index.php?rest_route=\/wp\/v2\/types\/page"}],"author":[{"embeddable":true,"href":"https:\/\/ftht.unimediteran.net\/index.php?rest_route=\/wp\/v2\/users\/14"}],"replies":[{"embeddable":true,"href":"https:\/\/ftht.unimediteran.net\/index.php?rest_route=%2Fwp%2Fv2%2Fcomments&post=2676"}],"version-history":[{"count":3,"href":"https:\/\/ftht.unimediteran.net\/index.php?rest_route=\/wp\/v2\/pages\/2676\/revisions"}],"predecessor-version":[{"id":2968,"href":"https:\/\/ftht.unimediteran.net\/index.php?rest_route=\/wp\/v2\/pages\/2676\/revisions\/2968"}],"wp:attachment":[{"href":"https:\/\/ftht.unimediteran.net\/index.php?rest_route=%2Fwp%2Fv2%2Fmedia&parent=2676"}],"curies":[{"name":"wp","href":"https:\/\/api.w.org\/{rel}","templated":true}]}}