{"id":513,"date":"2017-10-16T00:49:40","date_gmt":"2017-10-16T00:49:40","guid":{"rendered":"http:\/\/fit.lambda-it.me\/?page_id=513"},"modified":"2024-11-01T11:40:14","modified_gmt":"2024-11-01T10:40:14","slug":"predstavnici","status":"publish","type":"page","link":"https:\/\/ftht.unimediteran.net\/?page_id=513","title":{"rendered":"Predstavnici studenata"},"content":{"rendered":"\n\n<h2>Predsjednik studenata MTS-a<\/h2>\n<h6>Predstavnik studenata I godine<br \/>\nTamara Vlahovi\u0107<br \/>\nKontakt: <a href=\"mailto:vlahovictamara12@gmail.com\">vlahovictamara12@gmail.com<\/a><\/h6>\n<hr \/>\n<h6>Predstavnik studenata II godine<br \/>\nAnja Turovi\u0107<br \/>\nKontakt: <a href=\"mailto:turoviccanja@gmail.com\">turoviccanja@gmail.com<\/a><\/h6>\n<hr \/>\n<h6>Predstavnik studenata III godine<br \/>\nMarija Ivanovi\u0107<br \/>\nKontakt: <a href=\"mailto:imarijasm@gmail.com\">imarijasm@gmail.com<\/a><\/h6>\n<hr \/>\n<h6>Predstavnik studenata IV godine<br \/>\nMarita \u0110okovi\u0107<br \/>\nKontakt: <a href=\"mailto:meritagjokaj35@gmail.com\">meritagjokaj35@gmail.com<\/a><\/h6>\n\n","protected":false},"excerpt":{"rendered":"<p>Predsjednik studenata MTS-a Predstavnik studenata I godine Tamara Vlahovi\u0107 Kontakt: vlahovictamara12@gmail.com Predstavnik studenata II godine Anja Turovi\u0107 Kontakt: turoviccanja@gmail.com Predstavnik studenata III godine Marija Ivanovi\u0107 Kontakt: imarijasm@gmail.com Predstavnik studenata IV godine Marita \u0110okovi\u0107 Kontakt: meritagjokaj35@gmail.com<\/p>\n","protected":false},"author":1,"featured_media":0,"parent":0,"menu_order":0,"comment_status":"closed","ping_status":"closed","template":"","meta":{"_exactmetrics_skip_tracking":false,"_exactmetrics_sitenote_active":false,"_exactmetrics_sitenote_note":"","_exactmetrics_sitenote_category":0,"footnotes":""},"class_list":["post-513","page","type-page","status-publish","hentry"],"yoast_head":"<!-- This site is optimized with the Yoast SEO plugin v24.3 - https:\/\/yoast.com\/wordpress\/plugins\/seo\/ -->\n<title>Predstavnici studenata<\/title>\n<meta name=\"description\" content=\"Fakultet za informacione tehnologoije, Univerzitet Mediteran. Podgorica. Osnovne i master (magistarske) studije iz oblastni Informacionih tehnologija (IT) sa akcentom na razvoju softvera, upravljanju informacionim sistemima i telekomunikacionim mre\u017eama.\" \/>\n<meta name=\"robots\" content=\"index, follow, max-snippet:-1, max-image-preview:large, max-video-preview:-1\" \/>\n<link rel=\"canonical\" href=\"https:\/\/ftht.unimediteran.net\/?page_id=513\" \/>\n<meta property=\"og:locale\" content=\"en_US\" \/>\n<meta property=\"og:type\" content=\"article\" \/>\n<meta property=\"og:title\" content=\"Predstavnici studenata\" \/>\n<meta property=\"og:description\" content=\"Fakultet za informacione tehnologoije, Univerzitet Mediteran. Podgorica. Osnovne i master (magistarske) studije iz oblastni Informacionih tehnologija (IT) sa akcentom na razvoju softvera, upravljanju informacionim sistemima i telekomunikacionim mre\u017eama.\" \/>\n<meta property=\"og:url\" content=\"https:\/\/ftht.unimediteran.net\/?page_id=513\" \/>\n<meta property=\"og:site_name\" content=\"Univerzitet Mediteran - Fakultet za Turizam\" \/>\n<meta property=\"article:publisher\" content=\"https:\/\/www.facebook.com\/fakultetzaturizammts\/\" \/>\n<meta property=\"article:modified_time\" content=\"2024-11-01T10:40:14+00:00\" \/>\n<meta name=\"twitter:card\" content=\"summary_large_image\" \/>\n<meta name=\"twitter:label1\" content=\"Est. reading time\" \/>\n\t<meta name=\"twitter:data1\" content=\"1 minute\" \/>\n<script type=\"application\/ld+json\" class=\"yoast-schema-graph\">{\"@context\":\"https:\/\/schema.org\",\"@graph\":[{\"@type\":\"WebPage\",\"@id\":\"https:\/\/ftht.unimediteran.net\/?page_id=513\",\"url\":\"https:\/\/ftht.unimediteran.net\/?page_id=513\",\"name\":\"Predstavnici studenata\",\"isPartOf\":{\"@id\":\"https:\/\/ftht.unimediteran.net\/#website\"},\"datePublished\":\"2017-10-16T00:49:40+00:00\",\"dateModified\":\"2024-11-01T10:40:14+00:00\",\"description\":\"Fakultet za informacione tehnologoije, Univerzitet Mediteran. Podgorica. Osnovne i master (magistarske) studije iz oblastni Informacionih tehnologija (IT) sa akcentom na razvoju softvera, upravljanju informacionim sistemima i telekomunikacionim mre\u017eama.\",\"breadcrumb\":{\"@id\":\"https:\/\/ftht.unimediteran.net\/?page_id=513#breadcrumb\"},\"inLanguage\":\"sr-ME\",\"potentialAction\":[{\"@type\":\"ReadAction\",\"target\":[\"https:\/\/ftht.unimediteran.net\/?page_id=513\"]}]},{\"@type\":\"BreadcrumbList\",\"@id\":\"https:\/\/ftht.unimediteran.net\/?page_id=513#breadcrumb\",\"itemListElement\":[{\"@type\":\"ListItem\",\"position\":1,\"name\":\"Home\",\"item\":\"https:\/\/ftht.unimediteran.net\/\"},{\"@type\":\"ListItem\",\"position\":2,\"name\":\"Predstavnici studenata\"}]},{\"@type\":\"WebSite\",\"@id\":\"https:\/\/ftht.unimediteran.net\/#website\",\"url\":\"https:\/\/ftht.unimediteran.net\/\",\"name\":\"Univerzitet Mediteran - Fakultet za Turizam\",\"description\":\"Fakultet za Informacione Tehnologije\",\"publisher\":{\"@id\":\"https:\/\/ftht.unimediteran.net\/#organization\"},\"potentialAction\":[{\"@type\":\"SearchAction\",\"target\":{\"@type\":\"EntryPoint\",\"urlTemplate\":\"https:\/\/ftht.unimediteran.net\/?s={search_term_string}\"},\"query-input\":{\"@type\":\"PropertyValueSpecification\",\"valueRequired\":true,\"valueName\":\"search_term_string\"}}],\"inLanguage\":\"sr-ME\"},{\"@type\":\"Organization\",\"@id\":\"https:\/\/ftht.unimediteran.net\/#organization\",\"name\":\"Fakultet za Turizam Univerzitet Mediteran\",\"url\":\"https:\/\/ftht.unimediteran.net\/\",\"logo\":{\"@type\":\"ImageObject\",\"inLanguage\":\"sr-ME\",\"@id\":\"https:\/\/ftht.unimediteran.net\/#\/schema\/logo\/image\/\",\"url\":\"https:\/\/ftht.unimediteran.net\/wp-content\/uploads\/2019\/03\/cropped-logo-1.png\",\"contentUrl\":\"https:\/\/ftht.unimediteran.net\/wp-content\/uploads\/2019\/03\/cropped-logo-1.png\",\"width\":145,\"height\":145,\"caption\":\"Fakultet za Turizam Univerzitet Mediteran\"},\"image\":{\"@id\":\"https:\/\/ftht.unimediteran.net\/#\/schema\/logo\/image\/\"},\"sameAs\":[\"https:\/\/www.facebook.com\/fakultetzaturizammts\/\",\"https:\/\/www.instagram.com\/fakultetzaturizammts\/\"]}]}<\/script>\n<!-- \/ Yoast SEO plugin. -->","yoast_head_json":{"title":"Predstavnici studenata","description":"Fakultet za informacione tehnologoije, Univerzitet Mediteran. Podgorica. Osnovne i master (magistarske) studije iz oblastni Informacionih tehnologija (IT) sa akcentom na razvoju softvera, upravljanju informacionim sistemima i telekomunikacionim mre\u017eama.","robots":{"index":"index","follow":"follow","max-snippet":"max-snippet:-1","max-image-preview":"max-image-preview:large","max-video-preview":"max-video-preview:-1"},"canonical":"https:\/\/ftht.unimediteran.net\/?page_id=513","og_locale":"en_US","og_type":"article","og_title":"Predstavnici studenata","og_description":"Fakultet za informacione tehnologoije, Univerzitet Mediteran. Podgorica. Osnovne i master (magistarske) studije iz oblastni Informacionih tehnologija (IT) sa akcentom na razvoju softvera, upravljanju informacionim sistemima i telekomunikacionim mre\u017eama.","og_url":"https:\/\/ftht.unimediteran.net\/?page_id=513","og_site_name":"Univerzitet Mediteran - Fakultet za Turizam","article_publisher":"https:\/\/www.facebook.com\/fakultetzaturizammts\/","article_modified_time":"2024-11-01T10:40:14+00:00","twitter_card":"summary_large_image","twitter_misc":{"Est. reading time":"1 minute"},"schema":{"@context":"https:\/\/schema.org","@graph":[{"@type":"WebPage","@id":"https:\/\/ftht.unimediteran.net\/?page_id=513","url":"https:\/\/ftht.unimediteran.net\/?page_id=513","name":"Predstavnici studenata","isPartOf":{"@id":"https:\/\/ftht.unimediteran.net\/#website"},"datePublished":"2017-10-16T00:49:40+00:00","dateModified":"2024-11-01T10:40:14+00:00","description":"Fakultet za informacione tehnologoije, Univerzitet Mediteran. Podgorica. Osnovne i master (magistarske) studije iz oblastni Informacionih tehnologija (IT) sa akcentom na razvoju softvera, upravljanju informacionim sistemima i telekomunikacionim mre\u017eama.","breadcrumb":{"@id":"https:\/\/ftht.unimediteran.net\/?page_id=513#breadcrumb"},"inLanguage":"sr-ME","potentialAction":[{"@type":"ReadAction","target":["https:\/\/ftht.unimediteran.net\/?page_id=513"]}]},{"@type":"BreadcrumbList","@id":"https:\/\/ftht.unimediteran.net\/?page_id=513#breadcrumb","itemListElement":[{"@type":"ListItem","position":1,"name":"Home","item":"https:\/\/ftht.unimediteran.net\/"},{"@type":"ListItem","position":2,"name":"Predstavnici studenata"}]},{"@type":"WebSite","@id":"https:\/\/ftht.unimediteran.net\/#website","url":"https:\/\/ftht.unimediteran.net\/","name":"Univerzitet Mediteran - Fakultet za Turizam","description":"Fakultet za Informacione Tehnologije","publisher":{"@id":"https:\/\/ftht.unimediteran.net\/#organization"},"potentialAction":[{"@type":"SearchAction","target":{"@type":"EntryPoint","urlTemplate":"https:\/\/ftht.unimediteran.net\/?s={search_term_string}"},"query-input":{"@type":"PropertyValueSpecification","valueRequired":true,"valueName":"search_term_string"}}],"inLanguage":"sr-ME"},{"@type":"Organization","@id":"https:\/\/ftht.unimediteran.net\/#organization","name":"Fakultet za Turizam Univerzitet Mediteran","url":"https:\/\/ftht.unimediteran.net\/","logo":{"@type":"ImageObject","inLanguage":"sr-ME","@id":"https:\/\/ftht.unimediteran.net\/#\/schema\/logo\/image\/","url":"https:\/\/ftht.unimediteran.net\/wp-content\/uploads\/2019\/03\/cropped-logo-1.png","contentUrl":"https:\/\/ftht.unimediteran.net\/wp-content\/uploads\/2019\/03\/cropped-logo-1.png","width":145,"height":145,"caption":"Fakultet za Turizam Univerzitet Mediteran"},"image":{"@id":"https:\/\/ftht.unimediteran.net\/#\/schema\/logo\/image\/"},"sameAs":["https:\/\/www.facebook.com\/fakultetzaturizammts\/","https:\/\/www.instagram.com\/fakultetzaturizammts\/"]}]}},"_links":{"self":[{"href":"https:\/\/ftht.unimediteran.net\/index.php?rest_route=\/wp\/v2\/pages\/513","targetHints":{"allow":["GET"]}}],"collection":[{"href":"https:\/\/ftht.unimediteran.net\/index.php?rest_route=\/wp\/v2\/pages"}],"about":[{"href":"https:\/\/ftht.unimediteran.net\/index.php?rest_route=\/wp\/v2\/types\/page"}],"author":[{"embeddable":true,"href":"https:\/\/ftht.unimediteran.net\/index.php?rest_route=\/wp\/v2\/users\/1"}],"replies":[{"embeddable":true,"href":"https:\/\/ftht.unimediteran.net\/index.php?rest_route=%2Fwp%2Fv2%2Fcomments&post=513"}],"version-history":[{"count":18,"href":"https:\/\/ftht.unimediteran.net\/index.php?rest_route=\/wp\/v2\/pages\/513\/revisions"}],"predecessor-version":[{"id":5402,"href":"https:\/\/ftht.unimediteran.net\/index.php?rest_route=\/wp\/v2\/pages\/513\/revisions\/5402"}],"wp:attachment":[{"href":"https:\/\/ftht.unimediteran.net\/index.php?rest_route=%2Fwp%2Fv2%2Fmedia&parent=513"}],"curies":[{"name":"wp","href":"https:\/\/api.w.org\/{rel}","templated":true}]}}