{"id":528,"date":"2017-10-16T07:16:11","date_gmt":"2017-10-16T07:16:11","guid":{"rendered":"http:\/\/fit.lambda-it.me\/?page_id=528"},"modified":"2019-06-03T10:01:13","modified_gmt":"2019-06-03T10:01:13","slug":"studentski-krediti-i-studentski-dom","status":"publish","type":"page","link":"https:\/\/ftht.unimediteran.net\/?page_id=528","title":{"rendered":"Studentski krediti i studentski dom"},"content":{"rendered":"\nKonkurs za studentski kredit i dom raspisuje Ministarstvo prosvjete jednom godi\u0161nje.\n<p><strong>PRIJEM STUDENATA U STUDENTSKI DOM:<\/strong><\/p>\n<p>Pravo u\u010de\u0161\u0107a na konkurs imaju studenti koji se \u0161koluju van mjesta stanovanja, imaju crnogorsko dr\u017eavljanstvo i studenti sa statusom stranca sa stalnim nastanjenjem u Crnoj Gori, koji su prvi put upisali semestar odgovaraju\u0107e godine studija i nijesu mijenjali studijski program. Broj raspolo\u017eivih mjesta dodijeljuje se srazmjerno broju upisanih studenata na privatnim i javnim ustanovama visokog obrazovanja. Ukoliko je broj prijavljenih kandidata ve\u0107i od broja raspolo\u017eivih mjesta u domu prednost imaju kandidati koji imaju bolji uspjeh u prethodnoj godini \u0161kolovanja, odnosno ve\u0107i indeks uspjeha u prethodnoj godini studija.<\/p>\n<p><strong>DODJELJIVANJE STUDENTSKIH KREDITA<\/strong><\/p>\nBroj odobrenih kredita dodijeljuje se tako\u0111e srazmjerno broju upisanih studenata na privatnim i javnim ustanovama visokog obrazovanja \u0161to varira od godine do godine. Pravo na studentski kredit mogu ostvariti studenti ustanova visokog obrazovanja osnovnih akademskih i primijenjenih studija i specijalisti\u010dkih akademskih i primijenjenih studija, koji imaju crnogorsko dr\u017eavljanstvo kao i studenti sa statusom stranca sa stalnim nastanjenjem u Crnoj Gori, koji su prvi put upisali semestar odgovaraju\u0107e godine studija i nijesu mijenjali studijski program. Ukoliko se prijavi vi\u0161e kandidata, prednost imaju studenti koji imaju bolji uspjeh u prethodnoj godini \u0161kolovanja, odnosno ve\u0107i indeks uspjeha u prethodnoj godini studija. Pod jednakim uslovima u pogledu uspjeha prednost na kredit imaju studenti \u010diji roditelji odnosno staratelji ostvaruju pravo na materijalno obezbje\u0111enje po propisima o socijalnoj za\u0161titi. Visina kredita zavisi od postignutog uspjeha u prethodnoj godini \u0161kolovanja, odnosno indeksa uspjeha i godine<br \/>\nstudija.\n<p>Pravo na studentski kredit ne ostvaruju:<\/p>\n<ul>\n<li>studenti koji u prethodnoj studijskoj godini nijesu ispunili \u0161kolski uslov u skladu sa Statutom ustanove visokog obrazovanja,<\/li>\n<li>studenti koji su promijenili studijski program,<\/li>\n<li>studenti koji imaju indeks uspjeha manji od 6,00.<\/li>\n<\/ul>\n<p>Za navedene konkurse se dodatno mo\u017eete ispitati na:\u00a0<a href=\"http:\/\/www.mps.gov.me\/ministarstvo\" target=\"_blank\" rel=\"noopener noreferrer\">http:\/\/www.mps.gov.me\/ministarstvo<\/a>\u00a0i\u00a0<a href=\"http:\/\/www.studentskidom.com\/\" target=\"_blank\" rel=\"noopener noreferrer\">http:\/\/www.studentskidom.com\/<\/a><\/p>\n","protected":false},"excerpt":{"rendered":"<p>Konkurs za studentski kredit i dom raspisuje Ministarstvo prosvjete jednom godi\u0161nje. PRIJEM STUDENATA U STUDENTSKI DOM: Pravo u\u010de\u0161\u0107a na konkurs imaju studenti koji se \u0161koluju van mjesta stanovanja, imaju crnogorsko dr\u017eavljanstvo i studenti sa statusom stranca sa stalnim nastanjenjem u <a href=\"https:\/\/ftht.unimediteran.net\/?page_id=528\" class=\"read-more\">Read More &#8230;<\/a><\/p>\n","protected":false},"author":1,"featured_media":0,"parent":0,"menu_order":0,"comment_status":"closed","ping_status":"closed","template":"","meta":{"_exactmetrics_skip_tracking":false,"_exactmetrics_sitenote_active":false,"_exactmetrics_sitenote_note":"","_exactmetrics_sitenote_category":0,"footnotes":""},"class_list":["post-528","page","type-page","status-publish","hentry"],"yoast_head":"<!-- This site is optimized with the Yoast SEO plugin v24.3 - https:\/\/yoast.com\/wordpress\/plugins\/seo\/ -->\n<title>Studentski krediti i studentski dom<\/title>\n<meta name=\"description\" content=\"Fakultet za informacione tehnologoije, Univerzitet Mediteran. Podgorica. Osnovne i master (magistarske) studije iz oblastni Informacionih tehnologija (IT) sa akcentom na razvoju softvera, upravljanju informacionim sistemima i telekomunikacionim mre\u017eama.\" \/>\n<meta name=\"robots\" content=\"index, follow, max-snippet:-1, max-image-preview:large, max-video-preview:-1\" \/>\n<link rel=\"canonical\" href=\"https:\/\/ftht.unimediteran.net\/?page_id=528\" \/>\n<meta property=\"og:locale\" content=\"en_US\" \/>\n<meta property=\"og:type\" content=\"article\" \/>\n<meta property=\"og:title\" content=\"Studentski krediti i studentski dom\" \/>\n<meta property=\"og:description\" content=\"Fakultet za informacione tehnologoije, Univerzitet Mediteran. Podgorica. Osnovne i master (magistarske) studije iz oblastni Informacionih tehnologija (IT) sa akcentom na razvoju softvera, upravljanju informacionim sistemima i telekomunikacionim mre\u017eama.\" \/>\n<meta property=\"og:url\" content=\"https:\/\/ftht.unimediteran.net\/?page_id=528\" \/>\n<meta property=\"og:site_name\" content=\"Univerzitet Mediteran - Fakultet za Turizam\" \/>\n<meta property=\"article:publisher\" content=\"https:\/\/www.facebook.com\/fakultetzaturizammts\/\" \/>\n<meta property=\"article:modified_time\" content=\"2019-06-03T10:01:13+00:00\" \/>\n<meta name=\"twitter:card\" content=\"summary_large_image\" \/>\n<meta name=\"twitter:label1\" content=\"Est. reading time\" \/>\n\t<meta name=\"twitter:data1\" content=\"2 minutes\" \/>\n<script type=\"application\/ld+json\" class=\"yoast-schema-graph\">{\"@context\":\"https:\/\/schema.org\",\"@graph\":[{\"@type\":\"WebPage\",\"@id\":\"https:\/\/ftht.unimediteran.net\/?page_id=528\",\"url\":\"https:\/\/ftht.unimediteran.net\/?page_id=528\",\"name\":\"Studentski krediti i studentski dom\",\"isPartOf\":{\"@id\":\"https:\/\/ftht.unimediteran.net\/#website\"},\"datePublished\":\"2017-10-16T07:16:11+00:00\",\"dateModified\":\"2019-06-03T10:01:13+00:00\",\"description\":\"Fakultet za informacione tehnologoije, Univerzitet Mediteran. Podgorica. Osnovne i master (magistarske) studije iz oblastni Informacionih tehnologija (IT) sa akcentom na razvoju softvera, upravljanju informacionim sistemima i telekomunikacionim mre\u017eama.\",\"breadcrumb\":{\"@id\":\"https:\/\/ftht.unimediteran.net\/?page_id=528#breadcrumb\"},\"inLanguage\":\"sr-ME\",\"potentialAction\":[{\"@type\":\"ReadAction\",\"target\":[\"https:\/\/ftht.unimediteran.net\/?page_id=528\"]}]},{\"@type\":\"BreadcrumbList\",\"@id\":\"https:\/\/ftht.unimediteran.net\/?page_id=528#breadcrumb\",\"itemListElement\":[{\"@type\":\"ListItem\",\"position\":1,\"name\":\"Home\",\"item\":\"https:\/\/ftht.unimediteran.net\/\"},{\"@type\":\"ListItem\",\"position\":2,\"name\":\"Studentski krediti i studentski dom\"}]},{\"@type\":\"WebSite\",\"@id\":\"https:\/\/ftht.unimediteran.net\/#website\",\"url\":\"https:\/\/ftht.unimediteran.net\/\",\"name\":\"Univerzitet Mediteran - Fakultet za Turizam\",\"description\":\"Fakultet za Informacione Tehnologije\",\"publisher\":{\"@id\":\"https:\/\/ftht.unimediteran.net\/#organization\"},\"potentialAction\":[{\"@type\":\"SearchAction\",\"target\":{\"@type\":\"EntryPoint\",\"urlTemplate\":\"https:\/\/ftht.unimediteran.net\/?s={search_term_string}\"},\"query-input\":{\"@type\":\"PropertyValueSpecification\",\"valueRequired\":true,\"valueName\":\"search_term_string\"}}],\"inLanguage\":\"sr-ME\"},{\"@type\":\"Organization\",\"@id\":\"https:\/\/ftht.unimediteran.net\/#organization\",\"name\":\"Fakultet za Turizam Univerzitet Mediteran\",\"url\":\"https:\/\/ftht.unimediteran.net\/\",\"logo\":{\"@type\":\"ImageObject\",\"inLanguage\":\"sr-ME\",\"@id\":\"https:\/\/ftht.unimediteran.net\/#\/schema\/logo\/image\/\",\"url\":\"https:\/\/ftht.unimediteran.net\/wp-content\/uploads\/2019\/03\/cropped-logo-1.png\",\"contentUrl\":\"https:\/\/ftht.unimediteran.net\/wp-content\/uploads\/2019\/03\/cropped-logo-1.png\",\"width\":145,\"height\":145,\"caption\":\"Fakultet za Turizam Univerzitet Mediteran\"},\"image\":{\"@id\":\"https:\/\/ftht.unimediteran.net\/#\/schema\/logo\/image\/\"},\"sameAs\":[\"https:\/\/www.facebook.com\/fakultetzaturizammts\/\",\"https:\/\/www.instagram.com\/fakultetzaturizammts\/\"]}]}<\/script>\n<!-- \/ Yoast SEO plugin. -->","yoast_head_json":{"title":"Studentski krediti i studentski dom","description":"Fakultet za informacione tehnologoije, Univerzitet Mediteran. Podgorica. Osnovne i master (magistarske) studije iz oblastni Informacionih tehnologija (IT) sa akcentom na razvoju softvera, upravljanju informacionim sistemima i telekomunikacionim mre\u017eama.","robots":{"index":"index","follow":"follow","max-snippet":"max-snippet:-1","max-image-preview":"max-image-preview:large","max-video-preview":"max-video-preview:-1"},"canonical":"https:\/\/ftht.unimediteran.net\/?page_id=528","og_locale":"en_US","og_type":"article","og_title":"Studentski krediti i studentski dom","og_description":"Fakultet za informacione tehnologoije, Univerzitet Mediteran. Podgorica. Osnovne i master (magistarske) studije iz oblastni Informacionih tehnologija (IT) sa akcentom na razvoju softvera, upravljanju informacionim sistemima i telekomunikacionim mre\u017eama.","og_url":"https:\/\/ftht.unimediteran.net\/?page_id=528","og_site_name":"Univerzitet Mediteran - Fakultet za Turizam","article_publisher":"https:\/\/www.facebook.com\/fakultetzaturizammts\/","article_modified_time":"2019-06-03T10:01:13+00:00","twitter_card":"summary_large_image","twitter_misc":{"Est. reading time":"2 minutes"},"schema":{"@context":"https:\/\/schema.org","@graph":[{"@type":"WebPage","@id":"https:\/\/ftht.unimediteran.net\/?page_id=528","url":"https:\/\/ftht.unimediteran.net\/?page_id=528","name":"Studentski krediti i studentski dom","isPartOf":{"@id":"https:\/\/ftht.unimediteran.net\/#website"},"datePublished":"2017-10-16T07:16:11+00:00","dateModified":"2019-06-03T10:01:13+00:00","description":"Fakultet za informacione tehnologoije, Univerzitet Mediteran. Podgorica. Osnovne i master (magistarske) studije iz oblastni Informacionih tehnologija (IT) sa akcentom na razvoju softvera, upravljanju informacionim sistemima i telekomunikacionim mre\u017eama.","breadcrumb":{"@id":"https:\/\/ftht.unimediteran.net\/?page_id=528#breadcrumb"},"inLanguage":"sr-ME","potentialAction":[{"@type":"ReadAction","target":["https:\/\/ftht.unimediteran.net\/?page_id=528"]}]},{"@type":"BreadcrumbList","@id":"https:\/\/ftht.unimediteran.net\/?page_id=528#breadcrumb","itemListElement":[{"@type":"ListItem","position":1,"name":"Home","item":"https:\/\/ftht.unimediteran.net\/"},{"@type":"ListItem","position":2,"name":"Studentski krediti i studentski dom"}]},{"@type":"WebSite","@id":"https:\/\/ftht.unimediteran.net\/#website","url":"https:\/\/ftht.unimediteran.net\/","name":"Univerzitet Mediteran - Fakultet za Turizam","description":"Fakultet za Informacione Tehnologije","publisher":{"@id":"https:\/\/ftht.unimediteran.net\/#organization"},"potentialAction":[{"@type":"SearchAction","target":{"@type":"EntryPoint","urlTemplate":"https:\/\/ftht.unimediteran.net\/?s={search_term_string}"},"query-input":{"@type":"PropertyValueSpecification","valueRequired":true,"valueName":"search_term_string"}}],"inLanguage":"sr-ME"},{"@type":"Organization","@id":"https:\/\/ftht.unimediteran.net\/#organization","name":"Fakultet za Turizam Univerzitet Mediteran","url":"https:\/\/ftht.unimediteran.net\/","logo":{"@type":"ImageObject","inLanguage":"sr-ME","@id":"https:\/\/ftht.unimediteran.net\/#\/schema\/logo\/image\/","url":"https:\/\/ftht.unimediteran.net\/wp-content\/uploads\/2019\/03\/cropped-logo-1.png","contentUrl":"https:\/\/ftht.unimediteran.net\/wp-content\/uploads\/2019\/03\/cropped-logo-1.png","width":145,"height":145,"caption":"Fakultet za Turizam Univerzitet Mediteran"},"image":{"@id":"https:\/\/ftht.unimediteran.net\/#\/schema\/logo\/image\/"},"sameAs":["https:\/\/www.facebook.com\/fakultetzaturizammts\/","https:\/\/www.instagram.com\/fakultetzaturizammts\/"]}]}},"_links":{"self":[{"href":"https:\/\/ftht.unimediteran.net\/index.php?rest_route=\/wp\/v2\/pages\/528","targetHints":{"allow":["GET"]}}],"collection":[{"href":"https:\/\/ftht.unimediteran.net\/index.php?rest_route=\/wp\/v2\/pages"}],"about":[{"href":"https:\/\/ftht.unimediteran.net\/index.php?rest_route=\/wp\/v2\/types\/page"}],"author":[{"embeddable":true,"href":"https:\/\/ftht.unimediteran.net\/index.php?rest_route=\/wp\/v2\/users\/1"}],"replies":[{"embeddable":true,"href":"https:\/\/ftht.unimediteran.net\/index.php?rest_route=%2Fwp%2Fv2%2Fcomments&post=528"}],"version-history":[{"count":5,"href":"https:\/\/ftht.unimediteran.net\/index.php?rest_route=\/wp\/v2\/pages\/528\/revisions"}],"predecessor-version":[{"id":2715,"href":"https:\/\/ftht.unimediteran.net\/index.php?rest_route=\/wp\/v2\/pages\/528\/revisions\/2715"}],"wp:attachment":[{"href":"https:\/\/ftht.unimediteran.net\/index.php?rest_route=%2Fwp%2Fv2%2Fmedia&parent=528"}],"curies":[{"name":"wp","href":"https:\/\/api.w.org\/{rel}","templated":true}]}}