{"id":684,"date":"2017-12-14T09:47:28","date_gmt":"2017-12-14T09:47:28","guid":{"rendered":"http:\/\/fit.lambda-it.me\/?page_id=684"},"modified":"2019-06-19T10:48:07","modified_gmt":"2019-06-19T10:48:07","slug":"vijesti","status":"publish","type":"page","link":"https:\/\/ftht.unimediteran.net\/?page_id=684","title":{"rendered":"Vijesti"},"content":{"rendered":"\n                                            <a href=\"\/turizam?p=2812\" target=\"_self\"  title=\"\u0160kolarina\" rel=\"noopener noreferrer\">\n                <img decoding=\"async\" src=\"http:\/\/10.10.20.57\/turizam\/wp-content\/uploads\/2019\/05\/Capture-2.jpg\" alt=\"\" \/>\n                <\/a>\n                        <h2>\n                            <time datetime=\"2019-05-28T10:12:30+00:00\">\n                                May\n                                28\n                                2019\n                            <\/time>\n                        <\/h2>\n                    <h3>\n                <a href=http:\/\/10.10.20.57\/turizam\/skolarina\/ title=\u0160kolarina tabindex=\"0\">\u0160kolarina<\/a>            <\/h3>\n                            Pla\u0107anje \u0161kolarine na fakultetu za Turizam Godi\u0161nja \u0161kolarina za osnovne &#8230;\n                <a href=\"\/turizam?p=2812\" target=\"_self\"  rel=\"noopener noreferrer\">Pro\u010ditajte vi\u0161e &#8594;<\/a>        \n                                            <a href=\"\/turizam?p=2783\" target=\"_self\"  title=\"Novi broj \u017eiro ra\u010duna\" rel=\"noopener noreferrer\">\n                <img decoding=\"async\" src=\"http:\/\/10.10.20.57\/turizam\/wp-content\/uploads\/2019\/05\/Screenshot_2019-05-16-13-56-45-1-1.png\" alt=\"\" \/>\n                <\/a>\n                        <h2>\n                            <time datetime=\"2019-05-27T11:55:30+00:00\">\n                                May\n                                27\n                                2019\n                            <\/time>\n                        <\/h2>\n                    <h3>\n                <a href=http:\/\/10.10.20.57\/turizam\/novi-broj-ziro-racuna\/ title=Novi broj \u017eiro ra\u010duna tabindex=\"0\">Novi broj \u017eiro ra\u010duna<\/a>            <\/h3>\n                            Obavje\u0161tavamo Vas da je novi \u017eiro ra\u010dun Univerziteta \u201eMediteran\u201c Podgorica &#8230;\n                <a href=\"\/turizam?p=2783\" target=\"_self\"  rel=\"noopener noreferrer\">Pro\u010ditajte vi\u0161e &#8594;<\/a>        \n                                            <a href=\"\/turizam?p=2771\" target=\"_self\"  title=\"Fakultetu za turizam odobrena akreditacija\" rel=\"noopener noreferrer\">\n                <img decoding=\"async\" src=\"http:\/\/10.10.20.57\/turizam\/wp-content\/uploads\/2019\/05\/akreditacija-2.png\" alt=\"\" \/>\n                <\/a>\n                        <h2>\n                            <time datetime=\"2019-05-27T11:48:04+00:00\">\n                                May\n                                27\n                                2019\n                            <\/time>\n                        <\/h2>\n                    <h3>\n                <a href=http:\/\/10.10.20.57\/turizam\/fakultetu-za-turizam-odobrena-akreditacija\/ title=Fakultetu za turizam odobrena akreditacija tabindex=\"0\">Fakultetu za turizam odobrena akreditacija<\/a>            <\/h3>\n                            Akreditovane osnovne, master i doktorske studije Agencija za kontrolu i &#8230;\n                <a href=\"\/turizam?p=2771\" target=\"_self\"  rel=\"noopener noreferrer\">Pro\u010ditajte vi\u0161e &#8594;<\/a>        \n                                            <a href=\"\/turizam?p=2841\" target=\"_self\"  title=\"2BS Forum\" rel=\"noopener noreferrer\">\n                <img decoding=\"async\" src=\"http:\/\/10.10.20.57\/turizam\/wp-content\/uploads\/2019\/04\/logo-veliki.png\" alt=\"\" \/>\n                <\/a>\n                        <h2>\n                            <time datetime=\"2019-04-28T12:22:08+00:00\">\n                                Apr\n                                28\n                                2019\n                            <\/time>\n                        <\/h2>\n                    <h3>\n                <a href=http:\/\/10.10.20.57\/turizam\/2bs-forum\/ title=2BS Forum tabindex=\"0\">2BS Forum<\/a>            <\/h3>\n                            Atlantski savez Crne Gore organizuje deveti 2BS Forum (TO BE &#8230;\n                <a href=\"\/turizam?p=2841\" target=\"_self\"  rel=\"noopener noreferrer\">Pro\u010ditajte vi\u0161e &#8594;<\/a>        \n\t\t","protected":false},"excerpt":{"rendered":"<p>May 28 2019 \u0160kolarina Pla\u0107anje \u0161kolarine na fakultetu za Turizam Godi\u0161nja \u0161kolarina za osnovne &#8230; Pro\u010ditajte vi\u0161e &#8594; May 27 2019 Novi broj \u017eiro ra\u010duna Obavje\u0161tavamo Vas da je novi \u017eiro ra\u010dun Univerziteta \u201eMediteran\u201c Podgorica &#8230; Pro\u010ditajte vi\u0161e &#8594; May <a href=\"https:\/\/ftht.unimediteran.net\/?page_id=684\" class=\"read-more\">Read More &#8230;<\/a><\/p>\n","protected":false},"author":1,"featured_media":0,"parent":0,"menu_order":0,"comment_status":"closed","ping_status":"closed","template":"","meta":{"_exactmetrics_skip_tracking":false,"_exactmetrics_sitenote_active":false,"_exactmetrics_sitenote_note":"","_exactmetrics_sitenote_category":0,"footnotes":""},"class_list":["post-684","page","type-page","status-publish","hentry"],"yoast_head":"<!-- This site is optimized with the Yoast SEO plugin v24.3 - https:\/\/yoast.com\/wordpress\/plugins\/seo\/ -->\n<title>Vijesti<\/title>\n<meta name=\"description\" content=\"Fakultet za informacione tehnologoije, Univerzitet Mediteran. Podgorica. Osnovne i master (magistarske) studije iz oblastni Informacionih tehnologija (IT) sa akcentom na razvoju softvera, upravljanju informacionim sistemima i telekomunikacionim mre\u017eama.\" \/>\n<meta name=\"robots\" content=\"index, follow, max-snippet:-1, max-image-preview:large, max-video-preview:-1\" \/>\n<link rel=\"canonical\" href=\"https:\/\/ftht.unimediteran.net\/?page_id=684\" \/>\n<meta property=\"og:locale\" content=\"en_US\" \/>\n<meta property=\"og:type\" content=\"article\" \/>\n<meta property=\"og:title\" content=\"Vijesti\" \/>\n<meta property=\"og:description\" content=\"Fakultet za informacione tehnologoije, Univerzitet Mediteran. Podgorica. Osnovne i master (magistarske) studije iz oblastni Informacionih tehnologija (IT) sa akcentom na razvoju softvera, upravljanju informacionim sistemima i telekomunikacionim mre\u017eama.\" \/>\n<meta property=\"og:url\" content=\"https:\/\/ftht.unimediteran.net\/?page_id=684\" \/>\n<meta property=\"og:site_name\" content=\"Univerzitet Mediteran - Fakultet za Turizam\" \/>\n<meta property=\"article:publisher\" content=\"https:\/\/www.facebook.com\/fakultetzaturizammts\/\" \/>\n<meta property=\"article:modified_time\" content=\"2019-06-19T10:48:07+00:00\" \/>\n<meta property=\"og:image\" content=\"http:\/\/10.10.20.57\/turizam\/wp-content\/uploads\/2019\/05\/Capture-2.jpg\" \/>\n<meta name=\"twitter:card\" content=\"summary_large_image\" \/>\n<script type=\"application\/ld+json\" class=\"yoast-schema-graph\">{\"@context\":\"https:\/\/schema.org\",\"@graph\":[{\"@type\":\"WebPage\",\"@id\":\"https:\/\/ftht.unimediteran.net\/?page_id=684\",\"url\":\"https:\/\/ftht.unimediteran.net\/?page_id=684\",\"name\":\"Vijesti\",\"isPartOf\":{\"@id\":\"https:\/\/ftht.unimediteran.net\/#website\"},\"primaryImageOfPage\":{\"@id\":\"https:\/\/ftht.unimediteran.net\/?page_id=684#primaryimage\"},\"image\":{\"@id\":\"https:\/\/ftht.unimediteran.net\/?page_id=684#primaryimage\"},\"thumbnailUrl\":\"http:\/\/10.10.20.57\/turizam\/wp-content\/uploads\/2019\/05\/Capture-2.jpg\",\"datePublished\":\"2017-12-14T09:47:28+00:00\",\"dateModified\":\"2019-06-19T10:48:07+00:00\",\"description\":\"Fakultet za informacione tehnologoije, Univerzitet Mediteran. Podgorica. Osnovne i master (magistarske) studije iz oblastni Informacionih tehnologija (IT) sa akcentom na razvoju softvera, upravljanju informacionim sistemima i telekomunikacionim mre\u017eama.\",\"breadcrumb\":{\"@id\":\"https:\/\/ftht.unimediteran.net\/?page_id=684#breadcrumb\"},\"inLanguage\":\"sr-ME\",\"potentialAction\":[{\"@type\":\"ReadAction\",\"target\":[\"https:\/\/ftht.unimediteran.net\/?page_id=684\"]}]},{\"@type\":\"ImageObject\",\"inLanguage\":\"sr-ME\",\"@id\":\"https:\/\/ftht.unimediteran.net\/?page_id=684#primaryimage\",\"url\":\"http:\/\/10.10.20.57\/turizam\/wp-content\/uploads\/2019\/05\/Capture-2.jpg\",\"contentUrl\":\"http:\/\/10.10.20.57\/turizam\/wp-content\/uploads\/2019\/05\/Capture-2.jpg\"},{\"@type\":\"BreadcrumbList\",\"@id\":\"https:\/\/ftht.unimediteran.net\/?page_id=684#breadcrumb\",\"itemListElement\":[{\"@type\":\"ListItem\",\"position\":1,\"name\":\"Home\",\"item\":\"https:\/\/ftht.unimediteran.net\/\"},{\"@type\":\"ListItem\",\"position\":2,\"name\":\"Vijesti\"}]},{\"@type\":\"WebSite\",\"@id\":\"https:\/\/ftht.unimediteran.net\/#website\",\"url\":\"https:\/\/ftht.unimediteran.net\/\",\"name\":\"Univerzitet Mediteran - Fakultet za Turizam\",\"description\":\"Fakultet za Informacione Tehnologije\",\"publisher\":{\"@id\":\"https:\/\/ftht.unimediteran.net\/#organization\"},\"potentialAction\":[{\"@type\":\"SearchAction\",\"target\":{\"@type\":\"EntryPoint\",\"urlTemplate\":\"https:\/\/ftht.unimediteran.net\/?s={search_term_string}\"},\"query-input\":{\"@type\":\"PropertyValueSpecification\",\"valueRequired\":true,\"valueName\":\"search_term_string\"}}],\"inLanguage\":\"sr-ME\"},{\"@type\":\"Organization\",\"@id\":\"https:\/\/ftht.unimediteran.net\/#organization\",\"name\":\"Fakultet za Turizam Univerzitet Mediteran\",\"url\":\"https:\/\/ftht.unimediteran.net\/\",\"logo\":{\"@type\":\"ImageObject\",\"inLanguage\":\"sr-ME\",\"@id\":\"https:\/\/ftht.unimediteran.net\/#\/schema\/logo\/image\/\",\"url\":\"https:\/\/ftht.unimediteran.net\/wp-content\/uploads\/2019\/03\/cropped-logo-1.png\",\"contentUrl\":\"https:\/\/ftht.unimediteran.net\/wp-content\/uploads\/2019\/03\/cropped-logo-1.png\",\"width\":145,\"height\":145,\"caption\":\"Fakultet za Turizam Univerzitet Mediteran\"},\"image\":{\"@id\":\"https:\/\/ftht.unimediteran.net\/#\/schema\/logo\/image\/\"},\"sameAs\":[\"https:\/\/www.facebook.com\/fakultetzaturizammts\/\",\"https:\/\/www.instagram.com\/fakultetzaturizammts\/\"]}]}<\/script>\n<!-- \/ Yoast SEO plugin. -->","yoast_head_json":{"title":"Vijesti","description":"Fakultet za informacione tehnologoije, Univerzitet Mediteran. Podgorica. Osnovne i master (magistarske) studije iz oblastni Informacionih tehnologija (IT) sa akcentom na razvoju softvera, upravljanju informacionim sistemima i telekomunikacionim mre\u017eama.","robots":{"index":"index","follow":"follow","max-snippet":"max-snippet:-1","max-image-preview":"max-image-preview:large","max-video-preview":"max-video-preview:-1"},"canonical":"https:\/\/ftht.unimediteran.net\/?page_id=684","og_locale":"en_US","og_type":"article","og_title":"Vijesti","og_description":"Fakultet za informacione tehnologoije, Univerzitet Mediteran. Podgorica. Osnovne i master (magistarske) studije iz oblastni Informacionih tehnologija (IT) sa akcentom na razvoju softvera, upravljanju informacionim sistemima i telekomunikacionim mre\u017eama.","og_url":"https:\/\/ftht.unimediteran.net\/?page_id=684","og_site_name":"Univerzitet Mediteran - Fakultet za Turizam","article_publisher":"https:\/\/www.facebook.com\/fakultetzaturizammts\/","article_modified_time":"2019-06-19T10:48:07+00:00","og_image":[{"url":"http:\/\/10.10.20.57\/turizam\/wp-content\/uploads\/2019\/05\/Capture-2.jpg","type":"","width":"","height":""}],"twitter_card":"summary_large_image","schema":{"@context":"https:\/\/schema.org","@graph":[{"@type":"WebPage","@id":"https:\/\/ftht.unimediteran.net\/?page_id=684","url":"https:\/\/ftht.unimediteran.net\/?page_id=684","name":"Vijesti","isPartOf":{"@id":"https:\/\/ftht.unimediteran.net\/#website"},"primaryImageOfPage":{"@id":"https:\/\/ftht.unimediteran.net\/?page_id=684#primaryimage"},"image":{"@id":"https:\/\/ftht.unimediteran.net\/?page_id=684#primaryimage"},"thumbnailUrl":"http:\/\/10.10.20.57\/turizam\/wp-content\/uploads\/2019\/05\/Capture-2.jpg","datePublished":"2017-12-14T09:47:28+00:00","dateModified":"2019-06-19T10:48:07+00:00","description":"Fakultet za informacione tehnologoije, Univerzitet Mediteran. Podgorica. Osnovne i master (magistarske) studije iz oblastni Informacionih tehnologija (IT) sa akcentom na razvoju softvera, upravljanju informacionim sistemima i telekomunikacionim mre\u017eama.","breadcrumb":{"@id":"https:\/\/ftht.unimediteran.net\/?page_id=684#breadcrumb"},"inLanguage":"sr-ME","potentialAction":[{"@type":"ReadAction","target":["https:\/\/ftht.unimediteran.net\/?page_id=684"]}]},{"@type":"ImageObject","inLanguage":"sr-ME","@id":"https:\/\/ftht.unimediteran.net\/?page_id=684#primaryimage","url":"http:\/\/10.10.20.57\/turizam\/wp-content\/uploads\/2019\/05\/Capture-2.jpg","contentUrl":"http:\/\/10.10.20.57\/turizam\/wp-content\/uploads\/2019\/05\/Capture-2.jpg"},{"@type":"BreadcrumbList","@id":"https:\/\/ftht.unimediteran.net\/?page_id=684#breadcrumb","itemListElement":[{"@type":"ListItem","position":1,"name":"Home","item":"https:\/\/ftht.unimediteran.net\/"},{"@type":"ListItem","position":2,"name":"Vijesti"}]},{"@type":"WebSite","@id":"https:\/\/ftht.unimediteran.net\/#website","url":"https:\/\/ftht.unimediteran.net\/","name":"Univerzitet Mediteran - Fakultet za Turizam","description":"Fakultet za Informacione Tehnologije","publisher":{"@id":"https:\/\/ftht.unimediteran.net\/#organization"},"potentialAction":[{"@type":"SearchAction","target":{"@type":"EntryPoint","urlTemplate":"https:\/\/ftht.unimediteran.net\/?s={search_term_string}"},"query-input":{"@type":"PropertyValueSpecification","valueRequired":true,"valueName":"search_term_string"}}],"inLanguage":"sr-ME"},{"@type":"Organization","@id":"https:\/\/ftht.unimediteran.net\/#organization","name":"Fakultet za Turizam Univerzitet Mediteran","url":"https:\/\/ftht.unimediteran.net\/","logo":{"@type":"ImageObject","inLanguage":"sr-ME","@id":"https:\/\/ftht.unimediteran.net\/#\/schema\/logo\/image\/","url":"https:\/\/ftht.unimediteran.net\/wp-content\/uploads\/2019\/03\/cropped-logo-1.png","contentUrl":"https:\/\/ftht.unimediteran.net\/wp-content\/uploads\/2019\/03\/cropped-logo-1.png","width":145,"height":145,"caption":"Fakultet za Turizam Univerzitet Mediteran"},"image":{"@id":"https:\/\/ftht.unimediteran.net\/#\/schema\/logo\/image\/"},"sameAs":["https:\/\/www.facebook.com\/fakultetzaturizammts\/","https:\/\/www.instagram.com\/fakultetzaturizammts\/"]}]}},"_links":{"self":[{"href":"https:\/\/ftht.unimediteran.net\/index.php?rest_route=\/wp\/v2\/pages\/684","targetHints":{"allow":["GET"]}}],"collection":[{"href":"https:\/\/ftht.unimediteran.net\/index.php?rest_route=\/wp\/v2\/pages"}],"about":[{"href":"https:\/\/ftht.unimediteran.net\/index.php?rest_route=\/wp\/v2\/types\/page"}],"author":[{"embeddable":true,"href":"https:\/\/ftht.unimediteran.net\/index.php?rest_route=\/wp\/v2\/users\/1"}],"replies":[{"embeddable":true,"href":"https:\/\/ftht.unimediteran.net\/index.php?rest_route=%2Fwp%2Fv2%2Fcomments&post=684"}],"version-history":[{"count":8,"href":"https:\/\/ftht.unimediteran.net\/index.php?rest_route=\/wp\/v2\/pages\/684\/revisions"}],"predecessor-version":[{"id":3414,"href":"https:\/\/ftht.unimediteran.net\/index.php?rest_route=\/wp\/v2\/pages\/684\/revisions\/3414"}],"wp:attachment":[{"href":"https:\/\/ftht.unimediteran.net\/index.php?rest_route=%2Fwp%2Fv2%2Fmedia&parent=684"}],"curies":[{"name":"wp","href":"https:\/\/api.w.org\/{rel}","templated":true}]}}